{"id":809,"date":"2014-03-27T17:04:12","date_gmt":"2014-03-27T21:04:12","guid":{"rendered":"http:\/\/www.fia2014.cl\/?page_id=809"},"modified":"2014-03-27T17:04:12","modified_gmt":"2014-03-27T21:04:12","slug":"sede-del-congreso","status":"publish","type":"page","link":"https:\/\/www.fia2014.cl\/?page_id=809","title":{"rendered":"Sede del Congreso"},"content":{"rendered":"<div class=\"h-bg\">Hotel Dreams Pedro de Valdivia\u00a0<\/div>\n<p><img loading=\"lazy\" decoding=\"async\" class=\"alignright  wp-image-586\" alt=\"Hotel Dreams Valdivia\" src=\"http:\/\/www.fia2014.cl\/wp-content\/uploads\/dreams01.jpg\" width=\"270\" height=\"378\" srcset=\"https:\/\/www.fia2014.cl\/wp-content\/uploads\/dreams01.jpg 429w, https:\/\/www.fia2014.cl\/wp-content\/uploads\/dreams01-214x300.jpg 214w, https:\/\/www.fia2014.cl\/wp-content\/uploads\/dreams01-125x174.jpg 125w\" sizes=\"auto, (max-width: 270px) 100vw, 270px\" \/>El congreso se llevar\u00e1 a cabo en el\u00a0<em><a href=\"http:\/\/www.mundodreams.com\/centro-de-convenciones\/centro-de-convenciones-dreams-valdivia\/\" target=\"_blank\">Centro de Convenciones del Hotel Dreams Pedro de Valdivia<\/a><\/em>, Calle\u00a0Carampangue #190, Valdivia Cod. Postal 5110260, D\u00e9cima Cuarta Regi\u00f3n de Los R\u00edos.<\/p>\n<p>El Dreams es un hotel cinco estrellas que se define como\u00a0un icono en la ciudad m\u00e1s hermosa del sur, posee una vista incre\u00edble a los r\u00edos de Valdivia y la arquitectura \u00fanica que lo rodea. Se encuentra\u00a0a s\u00f3lo 100 metros de la avenida Costanera, a dos cuadras de la Plaza de la Rep\u00fablica, y adem\u00e1s de su moderno Centro de Convenciones, cuenta con una piscina cubierta, spa, gimnasio y \u00a0Wi-Fi, y\u00a0sofisticadas habitaciones con vistas panor\u00e1micas a la ciudad,\u00a0y modernas instalaciones para disfrutar el sur de Chile.<\/p>\n<p>&nbsp;<\/p>\n<p><strong>Enlaces \u00fatiles<\/strong><\/p>\n<ul>\n<li>Visitar web del Hotel\u00a0<a href=\"http:\/\/www.mundodreams.com\/ciudad\/valdivia\/\" target=\"_blank\">http:\/\/www.mundodreams.com\/ciudad\/valdivia\/<\/a><\/li>\n<li><a href=\"http:\/\/www.booking.com\/hotel\/cl\/dreams-valdivia.es.html?aid=311839;label=dreams-valdivia-fjzJeUN1gIqg462tNK1k1QS7312599257%3Apl%3Ata%3Ap1%3Ap2%3Aac%3Aap1t1%3Aneg;sid=9583d9e47f0f2d88f8305ceadde4ba3a;dcid=1;ucfs=1;srfid=e37a429d90352cb9fab3e3929693e16a85fd49fcX1\" target=\"_blank\">Hotel Dreams Valdivia en Booking<\/a>.<\/li>\n<li><a href=\"https:\/\/www.google.cl\/maps\/place\/Casino+De+Juegos+De+Valdivia+S.A.\/@-39.8117349,-73.2455127,1090m\/data=!3m1!1e3!4m5!1m2!5m1!1b1!3m1!1s0x0:0xe8c8a7570e5baaad\" target=\"_blank\">Ver Hotel Dreams Valdivia en GoogleMaps\u00a0<\/a><a href=\"https:\/\/www.google.cl\/maps\/place\/Casino+De+Juegos+De+Valdivia+S.A.\/@-39.8117349,-73.2455127,1090m\/data=!3m1!1e3!4m5!1m2!5m1!1b1!3m1!1s0x0:0xe8c8a7570e5baaad\" target=\"_blank\"><img loading=\"lazy\" decoding=\"async\" alt=\"ud_esta_aqui_3\" src=\"http:\/\/fia2014.acusticauach.cl\/wp-content\/uploads\/ud_esta_aqui_3.png\" width=\"32\" height=\"25\" \/><\/a><\/li>\n<\/ul>\n<p>&nbsp;<\/p>\n<p><iframe loading=\"lazy\" src=\"https:\/\/www.google.cl\/maps?t=h&amp;q=Casino+De+Juegos+De+Valdivia+S.A.&amp;cid=0xe8c8a7570e5baaad&amp;ie=UTF8&amp;hq=&amp;hnear=&amp;iwloc=A&amp;ll=-39.811735,-73.245513&amp;spn=0.009803,0.017015&amp;output=embed\" height=\"640\" width=\"800\" frameborder=\"0\" marginwidth=\"0\" marginheight=\"0\" scrolling=\"no\"><\/iframe><br \/>\n<small><a style=\"color: #0000ff; text-align: left;\" href=\"https:\/\/www.google.cl\/maps?t=h&amp;q=Casino+De+Juegos+De+Valdivia+S.A.&amp;cid=0xe8c8a7570e5baaad&amp;ie=UTF8&amp;hq=&amp;hnear=&amp;iwloc=A&amp;ll=-39.811735,-73.245513&amp;spn=0.009803,0.017015&amp;source=embed\">View Larger Map<\/a><\/small><\/p>\n","protected":false},"excerpt":{"rendered":"<p>El congreso se llevar\u00e1 a cabo en el\u00a0Centro de Convenciones del Hotel Dreams Pedro de&#8230;<\/p>\n","protected":false},"author":2,"featured_media":0,"parent":0,"menu_order":0,"comment_status":"open","ping_status":"open","template":"template-full-width.php","meta":{"footnotes":""},"class_list":["post-809","page","type-page","status-publish","hentry"],"_links":{"self":[{"href":"https:\/\/www.fia2014.cl\/index.php?rest_route=\/wp\/v2\/pages\/809","targetHints":{"allow":["GET"]}}],"collection":[{"href":"https:\/\/www.fia2014.cl\/index.php?rest_route=\/wp\/v2\/pages"}],"about":[{"href":"https:\/\/www.fia2014.cl\/index.php?rest_route=\/wp\/v2\/types\/page"}],"author":[{"embeddable":true,"href":"https:\/\/www.fia2014.cl\/index.php?rest_route=\/wp\/v2\/users\/2"}],"replies":[{"embeddable":true,"href":"https:\/\/www.fia2014.cl\/index.php?rest_route=%2Fwp%2Fv2%2Fcomments&post=809"}],"version-history":[{"count":3,"href":"https:\/\/www.fia2014.cl\/index.php?rest_route=\/wp\/v2\/pages\/809\/revisions"}],"predecessor-version":[{"id":812,"href":"https:\/\/www.fia2014.cl\/index.php?rest_route=\/wp\/v2\/pages\/809\/revisions\/812"}],"wp:attachment":[{"href":"https:\/\/www.fia2014.cl\/index.php?rest_route=%2Fwp%2Fv2%2Fmedia&parent=809"}],"curies":[{"name":"wp","href":"https:\/\/api.w.org\/{rel}","templated":true}]}}