{"id":71,"date":"2012-07-11T08:00:27","date_gmt":"2012-07-11T08:00:27","guid":{"rendered":"http:\/\/olevmedia.com\/themes\/expo18-wp\/?page_id=71"},"modified":"2014-09-03T12:06:05","modified_gmt":"2014-09-03T16:06:05","slug":"shortcodes-markers","status":"publish","type":"page","link":"https:\/\/www.fia2014.cl\/?page_id=71","title":{"rendered":"Sobre Valdivia"},"content":{"rendered":"<p><img loading=\"lazy\" decoding=\"async\" class=\"wp-image-663 aligncenter\" alt=\"panoramica_valdivia\" src=\"http:\/\/fia2014.acusticauach.cl\/wp-content\/uploads\/panoramica_valdivia-1024x210.jpg\" width=\"736\" height=\"150\" srcset=\"https:\/\/www.fia2014.cl\/wp-content\/uploads\/panoramica_valdivia-1024x210.jpg 1024w, https:\/\/www.fia2014.cl\/wp-content\/uploads\/panoramica_valdivia-300x61.jpg 300w, https:\/\/www.fia2014.cl\/wp-content\/uploads\/panoramica_valdivia-125x25.jpg 125w, https:\/\/www.fia2014.cl\/wp-content\/uploads\/panoramica_valdivia-615x126.jpg 615w, https:\/\/www.fia2014.cl\/wp-content\/uploads\/panoramica_valdivia.jpg 1026w\" sizes=\"auto, (max-width: 736px) 100vw, 736px\" \/><\/p>\n<p><span style=\"line-height: 1.5em;\"><div class=\"one-half\"><\/span><span style=\"line-height: 1.5em;\">Valdivia es una ciudad y comuna chilena, capital de la provincia hom\u00f3nima y de la Regi\u00f3n de Los R\u00edos, y se\u00a0localizada a 39\u00ba 49\u00b4 de latitud Sur y a 73\u00ba 14\u00b4 de longuitud Oeste, junto al r\u00edo Calle-Calle. Actualmente cuenta con unos 140.000 habitantes, es famosa por su gran belleza, su herencia patrimonial y una destacada activa vida cultural. La ciudad de Valdivia es destino obligado de quien quiera conocer el sur de Chile<\/span><\/p>\n<p><span style=\"line-height: 1.5em;\">Fue la primera ciudad fundada en el sur de Chile.\u00a0<\/span><span style=\"line-height: 1.5em;\">Las primeras nociones que se tiene de Valdivia en su periodo hist\u00f3rico, corresponde al registro del almirante Juan Bautista Pastene quien descubre el r\u00edo Ainilebu, as\u00ed llamado por los ind\u00edgenas del lugar, quien fuera enviado por Pedro de Valdivia, el primer gobernador de Chile, a explorar las costas chilenas. Pastene divis\u00f3 la bah\u00eda de Corral en 1544, sin adentrarse en el r\u00edo, al cual bautiz\u00f3 como Valdivia en honor a su superior. El 9 de febrero de 1552 Pedro de Valdivia funda la ciudad de <\/span><i style=\"line-height: 1.5em;\">Santa Mar\u00eda la Blanca de Valdivia.\u00a0[M\u00e1s informaci\u00f3n en<strong>\u00a0<a href=\"http:\/\/www.munivaldivia.cl\/www\/municipal_valdivia\/index.php?option=com_content&amp;view=article&amp;id=1393&amp;Itemid=607&amp;lang=es\" target=\"_blank\">Municipalidad de Valdivia<\/a><\/strong>]<\/i><\/div><\/p>\n<p><span style=\"line-height: 1.5em;\"><div class=\"one-half last\"><span style=\"color: #0000ff;\">Valdivia \u00e9 uma cidade do Chile, capital da prov\u00edncia hom\u00f4nima e da Regi\u00e3o de Los R\u00edos, e est\u00e1 localizada a 39\u00b0 49&#8242; de latitude sul e 73\u00ba 14&#8242; de longitude oeste, ao longo do rio Calle-Calle. Atualmente, conta com cerca de 140.000 habitantes, \u00e9 famosa por sua beleza, sua heran\u00e7a patrimonial e por sua importante vida cultural ativa. A cidade de Valdivia \u00e9 destino obrigat\u00f3rio para quem quer conhecer o sul do Chile.<\/span><\/span><\/p>\n<p><span style=\"color: #0000ff;\">Foi a primeira cidade fundada no sul do Chile. As primeiras no\u00e7\u00f5es que temos de Valdivia em seu per\u00edodo hist\u00f3rico, corresponde ao registro do almirante Juan Bautista Pastene que descobre o rio Ainilebu, chamado assim pelos ind\u00edgenas do lugar, que foi enviado por Pedro de Valdivia, o primeiro governador do Chile, para explorar a costa chilena. Pastene avistou a bahia Corral em 1544, sem entrar no rio, que deu o nome Valdivia em honra ao seu superior. Em 9 de fevereiro de 1552 Pedro de Valdivia fundou a cidade de Santa Mar\u00eda la Blanca de Valdivia. [<a href=\"http:\/\/www.munivaldivia.cl\/www\/municipal_valdivia\/index.php?option=com_content&amp;view=article&amp;id=1393&amp;Itemid=607&amp;lang=es\" target=\"_blank\"><span style=\"color: #0000ff;\"><strong>Mais informa\u00e7\u00f5es na Preifeitura de Valdivia]<\/strong><\/span><\/a><\/span><\/div><div class=\"clear\"><\/div><\/p>\n<p><img loading=\"lazy\" decoding=\"async\" class=\"size-full wp-image-679 aligncenter\" alt=\"colage1\" src=\"http:\/\/fia2014.acusticauach.cl\/wp-content\/uploads\/colage1.jpg\" width=\"800\" height=\"294\" srcset=\"https:\/\/www.fia2014.cl\/wp-content\/uploads\/colage1.jpg 800w, https:\/\/www.fia2014.cl\/wp-content\/uploads\/colage1-300x110.jpg 300w, https:\/\/www.fia2014.cl\/wp-content\/uploads\/colage1-125x45.jpg 125w, https:\/\/www.fia2014.cl\/wp-content\/uploads\/colage1-615x226.jpg 615w\" sizes=\"auto, (max-width: 800px) 100vw, 800px\" \/><\/p>\n<p style=\"text-align: left;\"><div class=\"one-half\"><span style=\"line-height: 1.5em;\">Valdivia\u00a0<\/span><span style=\"line-height: 1.5em;\">se enmarca dentro de un privilegiado entorno fluvial, rodeado de bosques, en medio de la cordillera de la costa. La ciudad posee tambi\u00e9n una gran cantidad de humedales tanto ribere\u00f1os como interiores.\u00a0<\/span><span style=\"line-height: 1.5em;\">El clima de la regi\u00f3n es oce\u00e1nico, lo que faculta a la existencia de flora exuberante, como es el caso de la ecorregi\u00f3n bosque valdiviano. Las temperaturas sobrepasan los 20 \u00b0C de m\u00e1xima en los meses de verano (diciembre, enero y febrero), existiendo varios registros por sobre los 30 \u00b0C, mientras que en la \u00e9poca invernal la m\u00e1ximas son cercanas a los 10 \u00b0C. Las precipitaciones son muy abundantes, alcanzando anualmente un monto de 2 703 mm, repartidos durante todo el a\u00f1o pero con mayor ca\u00edda de lluvia entre los meses de mayo, junio y julio. [M\u00e1s informaci\u00f3n<strong> <a href=\"http:\/\/es.wikipedia.org\/wiki\/Valdivia\" target=\"_blank\">Wikipedia<\/a><\/strong>]<\/span><\/div><\/p>\n<p style=\"text-align: left;\"><div class=\"one-half last\"><span style=\"color: #0000ff;\">Valdivia est\u00e1 dentro de um privilegiado ambiente fluvial, rodeado por bosques, no meio da Cordilheira da Costa. A cidade tamb\u00e9m tem uma grande quantidade de zonas \u00famidas tanto ribeirinhos como interiores. O clima da regi\u00e3o \u00e9 oce\u00e2nico, o que permite a exist\u00eancia de flora exuberante, como \u00e9 o caso da ecoregi\u00e3o de floresta Valdiviana. As temperaturas ultrapassam os 20 \u00b0C nos meses de ver\u00e3o (dezembro, janeiro e fevereiro), com v\u00e1rios registros acima de 30 \u00b0C, enquanto no inverno as m\u00e1ximas est\u00e3o pr\u00f3ximas dos 10 \u00b0C. As chuvas s\u00e3o abundantes, chegando a um montante anual de 2703 mm, distribu\u00eddos por todo o ano, mas com chuvas mais intensas entre os meses de maio, junho e julho. [<a href=\"http:\/\/es.wikipedia.org\/wiki\/Valdivia\" target=\"_blank\"><strong>Mais informa\u00e7\u00f5es em Wikip\u00e9dia<\/strong><\/a>]<\/span><\/div><div class=\"clear\"><\/div><\/p>\n<p style=\"text-align: center;\"><a href=\"http:\/\/fia2014.acusticauach.cl\/wp-content\/uploads\/Voqui-blanco-Boquila-trifoliolata-2-800.jpg\"><img loading=\"lazy\" decoding=\"async\" class=\"alignnone size-full wp-image-680\" alt=\"Voqui-blanco-Boquila-trifoliolata-2-800\" src=\"http:\/\/fia2014.acusticauach.cl\/wp-content\/uploads\/Voqui-blanco-Boquila-trifoliolata-2-800.jpg\" width=\"800\" height=\"300\" srcset=\"https:\/\/www.fia2014.cl\/wp-content\/uploads\/Voqui-blanco-Boquila-trifoliolata-2-800.jpg 800w, https:\/\/www.fia2014.cl\/wp-content\/uploads\/Voqui-blanco-Boquila-trifoliolata-2-800-300x112.jpg 300w, https:\/\/www.fia2014.cl\/wp-content\/uploads\/Voqui-blanco-Boquila-trifoliolata-2-800-125x46.jpg 125w, https:\/\/www.fia2014.cl\/wp-content\/uploads\/Voqui-blanco-Boquila-trifoliolata-2-800-615x230.jpg 615w\" sizes=\"auto, (max-width: 800px) 100vw, 800px\" \/><\/a><\/p>\n<p style=\"text-align: center;\">\u00a0Valdivia es tambi\u00e9n llamada la Ciudad Humedal.\/<span style=\"color: #0000ff;\">Valdivia tamb\u00e9m \u00e9 chamada de Cidade \u00damida.<\/span><\/p>\n<div class=\"one-half\">\u00a0Con su efervescencia alemana y la cultura sutil de cafeter\u00eda, Valdivia es la ciudad m\u00e1s atractiva de la regi\u00f3n debido a su ubicaci\u00f3n pintoresca en la confluencia de los r\u00edos Calle Calle, Cau Cau y Cruces.\u00a0Valdivia presenta, dentro de sus principales actividades econ\u00f3micas, la industria de la construcci\u00f3n naval, maderera, papelera, cervecera, y molinera.\u00a0El turismo desempe\u00f1a un papel importante, principalmente en verano, debido a los atractivos naturales que presenta la ciudad y los alrededores, y a las celebraciones tradicionales que se celebran durante esta fecha, tales como la Semana Valdiviana.<\/div>\n<div class=\"one-half last\"><span style=\"color: #0000ff;\">Com a presen\u00e7a alem\u00e3 e a cultura sutil de cafeterias, Valdivia \u00e9 a cidade mais atraente da regi\u00e3o, devido \u00e0 sua localiza\u00e7\u00e3o pitoresca na conflu\u00eancia dos rios Calle- Calle, Cau Cau e Cruces. Valdivia tem dentro de suas principais atividades econ\u00f4micas: a ind\u00fastria, a constru\u00e7\u00e3o naval, madeira, papel, fabrica\u00e7\u00e3o de cerveja e moagem. O turismo desempenha um papel importante, especialmente no ver\u00e3o, devido aos atrativos naturais apresentados pela cidade e arredores, e festas tradicionais que ocorrem durante este per\u00edodo, como a Semana Valdiviana.<\/span><\/div><div class=\"clear\"><\/div>\n<p><iframe loading=\"lazy\" src=\"\/\/player.vimeo.com\/video\/57478262\" height=\"506\" width=\"900\" allowfullscreen=\"\" frameborder=\"0\"><\/iframe><\/p>\n<p><a href=\"http:\/\/vimeo.com\/57478262\">Latitud 40 &#8211; Valdivia Chile<\/a> from <a href=\"http:\/\/vimeo.com\/latitud40valdivia\">Latitud40<\/a> on <a href=\"https:\/\/vimeo.com\">Vimeo<\/a>.<\/p>\n<div class=\"h-bg\">C\u00f3mo Llegar a Valdivia\/Como chegar a Valdivia<\/div>\n<div class=\"one-half\">Para ir a la ciudad de Valdivia, en primer lugar usted llegar\u00e1 al Aeropuerto Internacional de Santiago de Chile (<a href=\"http:\/\/www.aeropuertosantiago.cl\" target=\"_blank\">http:\/\/www.aeropuertosantiago.cl<\/a>\/). Santiago recibe vuelos diariamente desde Madrid, Frankfurt, Par\u00eds, Sydney, Auckland, Toronto, New York, Miami, Dallas, Atlanta, Los Angeles, Ciudad de M\u00e9xico, Canc\u00fan, La Habana, Ciudad de Panam\u00e1, San Jos\u00e9, R\u00edo de Janeiro, Sao Paulo, Mendoza, C\u00f3rdoba, Buenos Aires, Montevideo, Lima, La Paz, Quito, Guayaquil, Bogot\u00e1, Caracas, entre otras ciudades.\u00a0Luego, usted puede combinar en el mismo aeropuerto de Santiago con vuelos dom\u00e9sticos a la ciudad de Valdivia (c\u00f3digo ZAL), con las aerol\u00edneas <a href=\"http:\/\/www.lan.com\/es_cl\/sitio_personas\/index.html\" target=\"_blank\">LAN <\/a>y <a href=\"https:\/\/www.skyairline.cl\/(S(mrdkbdz5f5bd3r55kfm31qaa))\/es\/index.aspx\" target=\"_blank\">SKY<\/a>.<\/p>\n<p>Se puede llegar a la ciudad de Valdivia por v\u00eda terrestre en autom\u00f3vil, o en un amplio servicio de autobuses, donde varias empresas realizan este recorrido con diversos servicios y horarios por ejemplo, <a href=\"https:\/\/www.turbus.cl\/wtbus\/indexCompra.jsf\" target=\"_blank\">TurBus<\/a>, <a href=\"http:\/\/www.busescruzdelsur.cl\/VEL\/\" target=\"_blank\">Cruz del Sur<\/a>, <a href=\"http:\/\/www.jac.cl\/\" target=\"_blank\">JAC<\/a>, <a href=\"http:\/\/www.condorbus.cl\/venta_pasajes.html\" target=\"_blank\">C\u00f3ndor Bus<\/a>, entre otras).<\/p>\n<p><a href=\"http:\/\/www.valdiviaturismo.cl\/index.php\/en\/extensions\/transporte\" target=\"_blank\">Ver descripci\u00f3n en la C\u00e1mara de Turismo de Valdivia.<\/a><\/div>\n<p><div class=\"one-half last\"><span style=\"color: #0000ff;\">Para ir at\u00e9 a cidade de Valdivia voc\u00ea pode chegar no aeroporto internacional de Santiago do Chile (<a href=\"http:\/\/www.aeropuertosantiago.cl\/\" target=\"_blank\"><span style=\"color: #0000ff;\">http:\/\/www.aeropuertosantiago.cl\/<\/span><\/a>). Santiago recebe voos di\u00e1rios a partir de Madrid, Frankfurt, Paris, Sydney, Auckland, Toronto, New York, Miami, Dallas, Atlanta, Los Angeles, Ciudad de M\u00e9xico, Canc\u00fan, Havana, Ciudad de Panam\u00e1, San Jos\u00e9, Rio de Janeiro, S\u00e3o Paulo, Mendoza, C\u00f3rdoba, Buenos Aires, Montevideo, Lima, La Paz, Quito, Guayaquil, Bogot\u00e1, Caracas, entre outras cidades. Ent\u00e3o, no mesmo aeroporto voc\u00ea pode utilizar conex\u00f5es com voos dom\u00e9sticos de Santiago at\u00e9 Valdivia (c\u00f3digo ZAL), com as companhias a\u00e9reas LAN e SKY.<\/span><\/p>\n<p><span style=\"color: #0000ff;\">Voc\u00ea pode chegar \u00e0 cidade de Valdivia via terrestre, atrav\u00e9s de carro ou de \u00f4nibus, onde v\u00e1rias empresas fazem o percurso com diversos servi\u00e7os e hor\u00e1rios, por exemplo, TurBus, Cruz del Sur, JAC, C\u00f3ndor Bus, etc.<\/span><\/p>\n<p><span style=\"color: #0000ff;\"><a href=\"http:\/\/www.valdiviaturismo.cl\/index.php\/en\/extensions\/transporte\" target=\"_blank\"><span style=\"color: #0000ff;\">Veja mais informa\u00e7\u00f5es na\u00a0C\u00e2mara de Turismo de Valdivia.<\/span><\/a><\/span><span style=\"line-height: 1.5em;\"><\/div><div class=\"clear\"><\/div><\/span><\/p>\n<div class=\"h-bg\">Alojamiento\/Hospedagem<\/div>\n<p><a title=\"Alojamiento\" href=\"http:\/\/www.fia2014.cl\/?page_id=65\">Ver p\u00e1gina sobre alojamientos<\/a>\u00a0\/\u00a0<a href=\"http:\/\/www.fia2014.cl\/?page_id=65\" target=\"_blank\">Consulte a p\u00e1gina sobre hospedagem<\/a><\/p>\n<div class=\"h-bg\">Valdivia, Capital de la Regi\u00f3n de Los R\u00edos<\/div>\n<p><iframe loading=\"lazy\" src=\"\/\/www.youtube.com\/embed\/wItyKVV85i0\" height=\"480\" width=\"853\" allowfullscreen=\"\" frameborder=\"0\"><\/iframe><\/p>\n<div class=\"h-bg\">Enlaces de Inter\u00e9s<\/div>\n<div class=\"logos\">\n<p><a href=\"http:\/\/www.valdiviaturismo.cl\/index.php\/en\/\" target=\"_blank\"><img loading=\"lazy\" decoding=\"async\" class=\"size-full wp-image-740 alignnone\" alt=\"LOGO_CAMARA_TURISMO_VALDIVIA\" src=\"http:\/\/www.fia2014.cl\/wp-content\/uploads\/LOGO_CAMARA_TURISMO_VALDIVIA.png\" width=\"164\" height=\"200\" srcset=\"https:\/\/www.fia2014.cl\/wp-content\/uploads\/LOGO_CAMARA_TURISMO_VALDIVIA.png 164w, https:\/\/www.fia2014.cl\/wp-content\/uploads\/LOGO_CAMARA_TURISMO_VALDIVIA-125x152.png 125w\" sizes=\"auto, (max-width: 164px) 100vw, 164px\" \/><\/a><a style=\"line-height: 1.5em;\" href=\"http:\/\/chile.travel\/\" target=\"_blank\"><img loading=\"lazy\" decoding=\"async\" class=\"size-full wp-image-741 alignnone\" alt=\"LOGO_CHILETRAVEL\" src=\"http:\/\/www.fia2014.cl\/wp-content\/uploads\/LOGO_CHILETRAVEL.png\" width=\"300\" height=\"81\" srcset=\"https:\/\/www.fia2014.cl\/wp-content\/uploads\/LOGO_CHILETRAVEL.png 300w, https:\/\/www.fia2014.cl\/wp-content\/uploads\/LOGO_CHILETRAVEL-125x33.png 125w\" sizes=\"auto, (max-width: 300px) 100vw, 300px\" \/><\/a><a href=\"http:\/\/valdiviaciudaduniversitaria.cl\/\" target=\"_blank\"><img loading=\"lazy\" decoding=\"async\" class=\"size-full wp-image-743 alignnone\" alt=\"LOGO_MUNIVALDIVIA\" src=\"http:\/\/www.fia2014.cl\/wp-content\/uploads\/LOGO_MUNIVALDIVIA.png\" width=\"300\" height=\"120\" srcset=\"https:\/\/www.fia2014.cl\/wp-content\/uploads\/LOGO_MUNIVALDIVIA.png 300w, https:\/\/www.fia2014.cl\/wp-content\/uploads\/LOGO_MUNIVALDIVIA-125x50.png 125w\" sizes=\"auto, (max-width: 300px) 100vw, 300px\" \/><img loading=\"lazy\" decoding=\"async\" class=\"alignnone  wp-image-929\" alt=\"CIUDAD_UNIVERSITARIA_200\" src=\"http:\/\/www.fia2014.cl\/wp-content\/uploads\/CIUDAD_UNIVERSITARIA_200.png\" width=\"186\" height=\"140\" srcset=\"https:\/\/www.fia2014.cl\/wp-content\/uploads\/CIUDAD_UNIVERSITARIA_200.png 265w, https:\/\/www.fia2014.cl\/wp-content\/uploads\/CIUDAD_UNIVERSITARIA_200-125x94.png 125w\" sizes=\"auto, (max-width: 186px) 100vw, 186px\" \/><\/a><a href=\"http:\/\/es.wikipedia.org\/wiki\/Valdivia\" target=\"_blank\"><img loading=\"lazy\" decoding=\"async\" class=\"size-full wp-image-746 alignnone\" style=\"line-height: 1.5em;\" alt=\"LOGO_WIKIPEDIA\" src=\"http:\/\/www.fia2014.cl\/wp-content\/uploads\/LOGO_WIKIPEDIA.png\" width=\"158\" height=\"200\" srcset=\"https:\/\/www.fia2014.cl\/wp-content\/uploads\/LOGO_WIKIPEDIA.png 158w, https:\/\/www.fia2014.cl\/wp-content\/uploads\/LOGO_WIKIPEDIA-125x158.png 125w\" sizes=\"auto, (max-width: 158px) 100vw, 158px\" \/><\/a><a href=\"https:\/\/www.google.cl\/maps?t=h&amp;ll=-39.8117349,-73.2455127&amp;spn=0.0098026,0.0170152&amp;q=Casino+De+Juegos+De+Valdivia+S.A.&amp;cid=0xe8c8a7570e5baaad&amp;output=classic&amp;dg=ntvo\" target=\"_blank\"><img loading=\"lazy\" decoding=\"async\" class=\"size-full wp-image-742 alignnone\" style=\"line-height: 1.5em;\" alt=\"LOGO_GOOGLEMAPS\" src=\"http:\/\/www.fia2014.cl\/wp-content\/uploads\/LOGO_GOOGLEMAPS.png\" width=\"159\" height=\"200\" srcset=\"https:\/\/www.fia2014.cl\/wp-content\/uploads\/LOGO_GOOGLEMAPS.png 159w, https:\/\/www.fia2014.cl\/wp-content\/uploads\/LOGO_GOOGLEMAPS-125x157.png 125w\" sizes=\"auto, (max-width: 159px) 100vw, 159px\" \/><\/a><a href=\"http:\/\/www.uach.cl\/\" target=\"_blank\"><img loading=\"lazy\" decoding=\"async\" class=\"size-full wp-image-745 alignnone\" style=\"line-height: 1.5em;\" alt=\"LOGO_UACH\" src=\"http:\/\/www.fia2014.cl\/wp-content\/uploads\/LOGO_UACH.png\" width=\"300\" height=\"186\" srcset=\"https:\/\/www.fia2014.cl\/wp-content\/uploads\/LOGO_UACH.png 300w, https:\/\/www.fia2014.cl\/wp-content\/uploads\/LOGO_UACH-125x77.png 125w\" sizes=\"auto, (max-width: 300px) 100vw, 300px\" \/><\/a><a href=\"http:\/\/www.acusticauach.cl\/\" target=\"_blank\"><img loading=\"lazy\" decoding=\"async\" class=\"size-full wp-image-739 alignnone\" style=\"line-height: 1.5em;\" alt=\"LOGO_ACUSTICAUACH\" src=\"http:\/\/www.fia2014.cl\/wp-content\/uploads\/LOGO_ACUSTICAUACH.png\" width=\"200\" height=\"166\" srcset=\"https:\/\/www.fia2014.cl\/wp-content\/uploads\/LOGO_ACUSTICAUACH.png 200w, https:\/\/www.fia2014.cl\/wp-content\/uploads\/LOGO_ACUSTICAUACH-125x103.png 125w\" sizes=\"auto, (max-width: 200px) 100vw, 200px\" \/><\/a><span style=\"line-height: 1.5em;\"><div class=\"clear\"><\/div><\/div><\/span><\/p>\n","protected":false},"excerpt":{"rendered":"<p>\u00a0Valdivia es tambi\u00e9n llamada la Ciudad Humedal.\/Valdivia tamb\u00e9m \u00e9 chamada de Cidade \u00damida. Latitud 40&#8230;<\/p>\n","protected":false},"author":1,"featured_media":0,"parent":0,"menu_order":0,"comment_status":"closed","ping_status":"open","template":"template-full-width.php","meta":{"footnotes":""},"class_list":["post-71","page","type-page","status-publish","hentry"],"_links":{"self":[{"href":"https:\/\/www.fia2014.cl\/index.php?rest_route=\/wp\/v2\/pages\/71","targetHints":{"allow":["GET"]}}],"collection":[{"href":"https:\/\/www.fia2014.cl\/index.php?rest_route=\/wp\/v2\/pages"}],"about":[{"href":"https:\/\/www.fia2014.cl\/index.php?rest_route=\/wp\/v2\/types\/page"}],"author":[{"embeddable":true,"href":"https:\/\/www.fia2014.cl\/index.php?rest_route=\/wp\/v2\/users\/1"}],"replies":[{"embeddable":true,"href":"https:\/\/www.fia2014.cl\/index.php?rest_route=%2Fwp%2Fv2%2Fcomments&post=71"}],"version-history":[{"count":55,"href":"https:\/\/www.fia2014.cl\/index.php?rest_route=\/wp\/v2\/pages\/71\/revisions"}],"predecessor-version":[{"id":622,"href":"https:\/\/www.fia2014.cl\/index.php?rest_route=\/wp\/v2\/pages\/71\/revisions\/622"}],"wp:attachment":[{"href":"https:\/\/www.fia2014.cl\/index.php?rest_route=%2Fwp%2Fv2%2Fmedia&parent=71"}],"curies":[{"name":"wp","href":"https:\/\/api.w.org\/{rel}","templated":true}]}}