{"id":47,"date":"2012-07-10T13:26:41","date_gmt":"2012-07-10T13:26:41","guid":{"rendered":"http:\/\/olevmedia.com\/themes\/expo18-wp\/?page_id=47"},"modified":"2014-10-09T10:29:56","modified_gmt":"2014-10-09T13:29:56","slug":"shortcodes-aligned-content","status":"publish","type":"page","link":"https:\/\/www.fia2014.cl\/?page_id=47","title":{"rendered":"Comit\u00e9 Organizador"},"content":{"rendered":"<p><div class=\"h-bg\"><span style=\"line-height: 1.5em;\">Comit\u00e9 Internacional<\/span><span style=\"line-height: 1.5em;\"><\/div><\/span><\/p>\n<h3>Federaci\u00f3n Iberoamericana de Ac\u00fastica &#8211; FIA<\/h3>\n<div class=\"bullets\" id=\"sc_bullets_1\"><\/p>\n<ul>\n<li><strong>Jorge Patricio<\/strong>, Presidente FIA, Presidente <a href=\"http:\/\/www.spacustica.pt\/\" target=\"_blank\">Sociedad Portuguesa de Ac\u00fastica<\/a><\/li>\n<li><strong>Antonio P\u00e9rez-L\u00f3pez<\/strong>. Presidente\u00a0<a href=\"http:\/\/www.sea-acustica.es\/\" target=\"_blank\">Sociedad Espa\u00f1ola de Ac\u00fastica<\/a><\/li>\n<li><strong>Antonio Calvo-Manzano<\/strong>, Secretario\u00a0<a href=\"http:\/\/www.sea-acustica.es\/\" target=\"_blank\">Sociedad Espa\u00f1ola de Ac\u00fastica<\/a><\/li>\n<\/ul>\n<p><\/div><style>#sc_bullets_1 ul li{background-image:url(https:\/\/www.fia2014.cl\/wp-content\/themes\/fia\/img\/icons\/0130.png)}<\/style>\n<div class=\"h-bg\">Comit\u00e9 Local<\/div>\n<h3>Sociedad Chilena de Ac\u00fastica SOCHA &#8211; Universidad Austral de Chile UACh<\/h3>\n<p>El Comit\u00e9 Organizador en Chile esta compuesto por profesores, administrativos y estudiantes del<a href=\"http:\/\/www.acusticauach.cl\/\"> Instituto de Ac\u00fastica y la carrera de Ingenier\u00eda Civil Ac\u00fastica de la Universidad Austral de Chile .<\/a><\/p>\n<p>La organizaci\u00f3n est\u00e1 liderada por:<\/p>\n<div class=\"bullets\" id=\"sc_bullets_2\"><\/p>\n<ul>\n<li><strong>Presidente del Comit\u00e9 Organizador<\/strong>: Jorge P. Arenas (UACh) (<a href=\"mailto: secretaria@fia2014.cl\" target=\"_blank\">secretaria@fia2014.cl<\/a>)<\/li>\n<li><strong>Vicepresidente<\/strong>: Enrique Su\u00e1rez (UACh)<\/li>\n<li><strong>Secretario General<\/strong>: Christopher Rooke (SOChA)<\/li>\n<li><strong>Relaciones con Empresas<\/strong>: Claudio Poo Barrera; Luis Poo Kutscher (<a href=\"mailto: gestion@fia2014.cl\" target=\"_blank\">gestion@fia2014.cl<\/a>)<\/li>\n<li><strong>Apoyo Comunicaciones y Log\u00edstica<\/strong>: Jonathan Oberreuter, Nicol\u00e1s Basti\u00e1n<\/li>\n<li><strong>Apoyo Comit\u00e9 Cient\u00edfico:<\/strong> Marco Gaete<\/li>\n<li><strong>Apoyo Actividades Culturales:<\/strong> Jorge C\u00e1rdenas (UACh)<\/li>\n<li><strong>Apoyo Idioma Portug\u00e9s (p\u00e1gina web)<\/strong>: Erasmo Felipe Vergara<\/li>\n<\/ul>\n<p><\/div><style>#sc_bullets_2 ul li{background-image:url(https:\/\/www.fia2014.cl\/wp-content\/themes\/fia\/img\/icons\/0130.png)}<\/style>\n<p style=\"text-align: center;\"><img loading=\"lazy\" decoding=\"async\" class=\"aligncenter  wp-image-803\" src=\"http:\/\/www.fia2014.cl\/wp-content\/uploads\/banner-fia-pagina.jpg\" alt=\"banner-fia-pagina\" width=\"766\" height=\"315\" srcset=\"https:\/\/www.fia2014.cl\/wp-content\/uploads\/banner-fia-pagina.jpg 958w, https:\/\/www.fia2014.cl\/wp-content\/uploads\/banner-fia-pagina-300x123.jpg 300w, https:\/\/www.fia2014.cl\/wp-content\/uploads\/banner-fia-pagina-125x51.jpg 125w, https:\/\/www.fia2014.cl\/wp-content\/uploads\/banner-fia-pagina-615x252.jpg 615w\" sizes=\"auto, (max-width: 766px) 100vw, 766px\" \/><\/p>\n","protected":false},"excerpt":{"rendered":"<p>Federaci\u00f3n Iberoamericana de Ac\u00fastica &#8211; FIA Sociedad Chilena de Ac\u00fastica SOCHA &#8211; Universidad Austral de&#8230;<\/p>\n","protected":false},"author":1,"featured_media":0,"parent":0,"menu_order":0,"comment_status":"closed","ping_status":"open","template":"template-full-width.php","meta":{"footnotes":""},"class_list":["post-47","page","type-page","status-publish","hentry"],"_links":{"self":[{"href":"https:\/\/www.fia2014.cl\/index.php?rest_route=\/wp\/v2\/pages\/47","targetHints":{"allow":["GET"]}}],"collection":[{"href":"https:\/\/www.fia2014.cl\/index.php?rest_route=\/wp\/v2\/pages"}],"about":[{"href":"https:\/\/www.fia2014.cl\/index.php?rest_route=\/wp\/v2\/types\/page"}],"author":[{"embeddable":true,"href":"https:\/\/www.fia2014.cl\/index.php?rest_route=\/wp\/v2\/users\/1"}],"replies":[{"embeddable":true,"href":"https:\/\/www.fia2014.cl\/index.php?rest_route=%2Fwp%2Fv2%2Fcomments&post=47"}],"version-history":[{"count":20,"href":"https:\/\/www.fia2014.cl\/index.php?rest_route=\/wp\/v2\/pages\/47\/revisions"}],"predecessor-version":[{"id":1252,"href":"https:\/\/www.fia2014.cl\/index.php?rest_route=\/wp\/v2\/pages\/47\/revisions\/1252"}],"wp:attachment":[{"href":"https:\/\/www.fia2014.cl\/index.php?rest_route=%2Fwp%2Fv2%2Fmedia&parent=47"}],"curies":[{"name":"wp","href":"https:\/\/api.w.org\/{rel}","templated":true}]}}