{"id":469,"date":"2012-07-17T07:04:09","date_gmt":"2012-07-17T07:04:09","guid":{"rendered":"http:\/\/olevmedia.com\/themes\/expo18-wp\/?page_id=463"},"modified":"2014-11-19T23:39:11","modified_gmt":"2014-11-20T02:39:11","slug":"shortcodes-columns","status":"publish","type":"page","link":"https:\/\/www.fia2014.cl\/?page_id=469","title":{"rendered":"Exposici\u00f3n T\u00e9cnica"},"content":{"rendered":"<p><img loading=\"lazy\" decoding=\"async\" class=\"aligncenter size-full wp-image-702\" src=\"http:\/\/www.fia2014.cl\/wp-content\/uploads\/dreams_noche.jpg\" alt=\"dreams_noche\" width=\"800\" height=\"300\" srcset=\"https:\/\/www.fia2014.cl\/wp-content\/uploads\/dreams_noche.jpg 800w, https:\/\/www.fia2014.cl\/wp-content\/uploads\/dreams_noche-300x112.jpg 300w, https:\/\/www.fia2014.cl\/wp-content\/uploads\/dreams_noche-125x46.jpg 125w, https:\/\/www.fia2014.cl\/wp-content\/uploads\/dreams_noche-615x230.jpg 615w\" sizes=\"auto, (max-width: 800px) 100vw, 800px\" \/><\/p>\n<div class=\"one-half\">La\u00a0Exposici\u00f3n T\u00e9cnica de Productos y Servicios en Ac\u00fastica se realizar\u00e1 durante todo el Congreso en el <a href=\"http:\/\/www.mundodreams.com\/centro-de-convenciones\/centro-de-convenciones-dreams-valdivia\/\" target=\"_blank\">Foyer del Centro de Convenciones del Hotel Dreams Valdivia (ver plano)<\/a>\u00a0.<\/div>\n<div class=\"one-half last\"><span style=\"color: #0000ff;\">A \u00a0Exposi\u00e7\u00e3o T\u00e9cnica de Produtos e Servi\u00e7os em Ac\u00fastica ser\u00e1 realizada durante o Congresso no<a href=\"http:\/\/www.mundodreams.com\/centro-de-convenciones\/centro-de-convenciones-dreams-valdivia\/\" target=\"_blank\"> Foyer do Centro de Conven\u00e7\u00f5es do hotel Dreams Valdivia (ver mapa)<\/a>. <\/span><\/div><div class=\"clear\"><\/div>\n<p><a href=\"mailto:gestion@fia2014.cl\" target=\"_blank\"><div class=\"infopane color-7\"><div class=\"inner\" style=\"background-image:url(https:\/\/www.fia2014.cl\/wp-content\/themes\/fia\/img\/icons\/0072.png)\"><strong>Relaciones con Empresas del Comit\u00e9 Organizador<\/strong>: Claudio Poo Barrera; Luis Poo Kutscher, email gestion@fia2014.cl<\/div><\/div><\/a><\/p>\n<div class=\"h-bg\">Plano<\/div>\n<div class=\"one-half\">En el siguiente plano se muestra la distribuci\u00f3n de los Stand en el\u00a0Foyer del Centro de Convenciones del Hotel Dreams Valdivia.<\/div>\n<div class=\"one-half last\"><span style=\"color: #0000ff;\">A seguinte planta mostra a distribui\u00e7\u00e3o dos stands no Foyer do Centro de Conven\u00e7\u00f5es do Hotel Dreams Valdivia<\/span>.<\/div><div class=\"clear\"><\/div>\n<p>&nbsp;<\/p>\n<p><a href=\"http:\/\/www.fia2014.cl\/wp-content\/uploads\/2014_11_19-Stand-FIA.jpg\"><img loading=\"lazy\" decoding=\"async\" class=\"aligncenter wp-image-1311\" src=\"http:\/\/www.fia2014.cl\/wp-content\/uploads\/2014_11_19-Stand-FIA.jpg\" alt=\"2014_11_19-Stand FIA\" width=\"900\" height=\"1751\" srcset=\"https:\/\/www.fia2014.cl\/wp-content\/uploads\/2014_11_19-Stand-FIA.jpg 1307w, https:\/\/www.fia2014.cl\/wp-content\/uploads\/2014_11_19-Stand-FIA-154x300.jpg 154w, https:\/\/www.fia2014.cl\/wp-content\/uploads\/2014_11_19-Stand-FIA-526x1024.jpg 526w, https:\/\/www.fia2014.cl\/wp-content\/uploads\/2014_11_19-Stand-FIA-125x243.jpg 125w, https:\/\/www.fia2014.cl\/wp-content\/uploads\/2014_11_19-Stand-FIA-615x1196.jpg 615w\" sizes=\"auto, (max-width: 900px) 100vw, 900px\" \/><\/a><\/p>\n<div class=\"h-bg\">Tipo de Stand<\/div>\n<p><img loading=\"lazy\" decoding=\"async\" class=\"aligncenter size-full wp-image-1076\" src=\"http:\/\/www.fia2014.cl\/wp-content\/uploads\/Stand_TipoA.jpg\" alt=\"Stand_TipoA\" width=\"800\" height=\"451\" srcset=\"https:\/\/www.fia2014.cl\/wp-content\/uploads\/Stand_TipoA.jpg 800w, https:\/\/www.fia2014.cl\/wp-content\/uploads\/Stand_TipoA-300x169.jpg 300w, https:\/\/www.fia2014.cl\/wp-content\/uploads\/Stand_TipoA-125x70.jpg 125w, https:\/\/www.fia2014.cl\/wp-content\/uploads\/Stand_TipoA-615x346.jpg 615w\" sizes=\"auto, (max-width: 800px) 100vw, 800px\" \/> <img loading=\"lazy\" decoding=\"async\" class=\"aligncenter size-full wp-image-1077\" src=\"http:\/\/www.fia2014.cl\/wp-content\/uploads\/Stand_TipoB.jpg\" alt=\"Stand_TipoB\" width=\"800\" height=\"450\" srcset=\"https:\/\/www.fia2014.cl\/wp-content\/uploads\/Stand_TipoB.jpg 800w, https:\/\/www.fia2014.cl\/wp-content\/uploads\/Stand_TipoB-300x168.jpg 300w, https:\/\/www.fia2014.cl\/wp-content\/uploads\/Stand_TipoB-125x70.jpg 125w, https:\/\/www.fia2014.cl\/wp-content\/uploads\/Stand_TipoB-615x345.jpg 615w\" sizes=\"auto, (max-width: 800px) 100vw, 800px\" \/> <img loading=\"lazy\" decoding=\"async\" class=\"aligncenter size-full wp-image-1078\" src=\"http:\/\/www.fia2014.cl\/wp-content\/uploads\/Stand_TipoC.jpg\" alt=\"Stand_TipoC\" width=\"800\" height=\"450\" srcset=\"https:\/\/www.fia2014.cl\/wp-content\/uploads\/Stand_TipoC.jpg 800w, https:\/\/www.fia2014.cl\/wp-content\/uploads\/Stand_TipoC-300x168.jpg 300w, https:\/\/www.fia2014.cl\/wp-content\/uploads\/Stand_TipoC-125x70.jpg 125w, https:\/\/www.fia2014.cl\/wp-content\/uploads\/Stand_TipoC-615x345.jpg 615w\" sizes=\"auto, (max-width: 800px) 100vw, 800px\" \/><\/p>\n","protected":false},"excerpt":{"rendered":"<p>&nbsp;<\/p>\n","protected":false},"author":1,"featured_media":0,"parent":0,"menu_order":0,"comment_status":"closed","ping_status":"open","template":"template-full-width.php","meta":{"footnotes":""},"class_list":["post-469","page","type-page","status-publish","hentry"],"_links":{"self":[{"href":"https:\/\/www.fia2014.cl\/index.php?rest_route=\/wp\/v2\/pages\/469","targetHints":{"allow":["GET"]}}],"collection":[{"href":"https:\/\/www.fia2014.cl\/index.php?rest_route=\/wp\/v2\/pages"}],"about":[{"href":"https:\/\/www.fia2014.cl\/index.php?rest_route=\/wp\/v2\/types\/page"}],"author":[{"embeddable":true,"href":"https:\/\/www.fia2014.cl\/index.php?rest_route=\/wp\/v2\/users\/1"}],"replies":[{"embeddable":true,"href":"https:\/\/www.fia2014.cl\/index.php?rest_route=%2Fwp%2Fv2%2Fcomments&post=469"}],"version-history":[{"count":18,"href":"https:\/\/www.fia2014.cl\/index.php?rest_route=\/wp\/v2\/pages\/469\/revisions"}],"predecessor-version":[{"id":1312,"href":"https:\/\/www.fia2014.cl\/index.php?rest_route=\/wp\/v2\/pages\/469\/revisions\/1312"}],"wp:attachment":[{"href":"https:\/\/www.fia2014.cl\/index.php?rest_route=%2Fwp%2Fv2%2Fmedia&parent=469"}],"curies":[{"name":"wp","href":"https:\/\/api.w.org\/{rel}","templated":true}]}}