{"id":43,"date":"2012-07-10T13:19:44","date_gmt":"2012-07-10T13:19:44","guid":{"rendered":"http:\/\/olevmedia.com\/themes\/expo18-wp\/?page_id=43"},"modified":"2014-03-30T23:51:02","modified_gmt":"2014-03-31T03:51:02","slug":"shortcodes-buttons","status":"publish","type":"page","link":"https:\/\/www.fia2014.cl\/?page_id=43","title":{"rendered":"Comit\u00e9 Cient\u00edfico"},"content":{"rendered":"<div class=\"one-half\">El Comit\u00e9 Cient\u00edfico del Congreso FIA 2014 est\u00e1 conformado por destacadas personas en el desarrollo de la ac\u00fastica en Iberoam\u00e9rica:<\/div>\n<div class=\"one-half last\"><span style=\"color: #0000ff;\">A Comiss\u00e3o Cient\u00edfica do Congresso 2014 da FIA \u00e9 composto por indiv\u00edduos de destaque no desenvolvimento do som na Am\u00e9rica Latina:<\/span><\/div><div class=\"clear\"><\/div>\n<div class=\"bullets\" id=\"sc_bullets_1\"><\/p>\n<ul>\n<ul>\n<li><strong>Jes\u00fas Alba \u00a0<\/strong>\u00a0 \u00a0Univ. Polit\u00e9cnica de Valencia, Espa\u00f1a<\/li>\n<li><strong>Danilo de Almeida<\/strong> \u00a0\u00a0 \u00a0Ford Motor Company, Brasil<\/li>\n<li><strong>Daniel Alvarez<\/strong> \u00a0\u00a0 \u00a0Lloyd&#8217;s Register, Singapur<\/li>\n<li><strong>Julieta Ant\u00f3nio<\/strong> \u00a0\u00a0 \u00a0Univ. de Coimbra, Portugal<\/li>\n<li><strong>Higini Arau-Puchades <\/strong>Arau Ac\u00fastica, Espa\u00f1a<\/li>\n<li><strong>Jorge Arenas<\/strong> \u00a0\u00a0 \u00a0Univ. Austral, Chile<\/li>\n<li><strong>Pedro Arezes<\/strong> \u00a0\u00a0 \u00a0Univ. do Minho, Portugal<\/li>\n<li><strong>Claudia Arias<\/strong> \u00a0\u00a0 \u00a0Univ. Nacional de C\u00f3rdoba, Argentina<\/li>\n<li><strong>C\u00e9sar Asensio\u200b<\/strong> \u00a0 Univ. Polit\u00e9cnica de Madrid, Espa\u00f1a<\/li>\n<li><strong>Carla Badani<\/strong> \u00a0\u00a0 \u00a0Univ. de Chile<\/li>\n<li><strong>Juan Barrig\u00f3n<\/strong> \u00a0\u00a0 \u00a0Univ. de Extremadura, Espa\u00f1a<\/li>\n<li><strong>Jose Barros<\/strong> \u00a0\u00a0 \u00a0Univ. Austral, Chile<\/li>\n<li><strong>Francisco Beltr\u00e1n<\/strong> \u00a0\u00a0 \u00a0Univ. Aut\u00f3noma Metropolitana, M\u00e9xico<\/li>\n<li><strong>J.L Bento-Coelho<\/strong> \u00a0\u00a0 \u00a0Univ. de Lisboa, Portugal<\/li>\n<li><strong>Sylvio Bistafa<\/strong> \u00a0\u00a0 \u00a0Univ. de Sao Paulo, Brasil<\/li>\n<li><strong>Ricardo Burdisso<\/strong> \u00a0\u00a0 \u00a0Virginia Tech, Estados Unidos<\/li>\n<li><strong>Rodrigo C\u00e1diz<\/strong>\u00a0 \u00a0P Univ. Cat\u00f3lica, Chile<\/li>\n<li><strong>Pedro Cobo<\/strong> \u00a0\u00a0 \u00a0CSIC, Espa\u00f1a<\/li>\n<li><strong>V\u00edctor Cort\u00ednez<\/strong> \u00a0\u00a0 \u00a0Univ. Tecnol\u00f3gica Nacional, Argentina<\/li>\n<li><strong>Francesc Daumal<\/strong> \u00a0\u00a0 \u00a0Univ. Polit\u00e9cnica de Catalu\u00f1a, Espa\u00f1a<\/li>\n<li><strong>Patricio de la Cuadra<\/strong> \u00a0\u00a0 \u00a0P Univ. Cat\u00f3lica, Chile<\/li>\n<li><strong>Jaime Delannoy<\/strong> \u00a0\u00a0 \u00a0DuocUC, Chile<\/li>\n<li><strong>Romina del Rey<\/strong> \u00a0\u00a0 \u00a0Univ. Polit\u00e9cnica de Valencia, Espa\u00f1a<\/li>\n<li><strong>Francisco Denia<\/strong> \u00a0\u00a0 \u00a0Univ. Polit\u00e9cnica de Valencia, Espa\u00f1a<\/li>\n<li><strong>C\u00e9sar D\u00edaz<\/strong> \u00a0\u00a0 \u00a0Univ. Polit\u00e9cnica de Madrid, Espa\u00f1a<\/li>\n<li><strong>Fernando Elizondo<\/strong> \u00a0\u00a0 \u00a0Univ. Aut\u00f3noma de Nuevo Le\u00f3n, M\u00e9xico<\/li>\n<li><strong>Jos\u00e9 Espinosa<\/strong> \u00a0\u00a0 \u00a0Inst. de Salud P\u00fablica, Chile<\/li>\n<li><strong>Pablo Fa\u00fandez \u00a0<\/strong> \u00a0 \u200bHuawei European Research Center, Alemania<\/li>\n<li><strong>Chris Feuillade<\/strong> \u00a0\u00a0 \u00a0P Univ. Cat\u00f3lica, Chile<\/li>\n<li><strong>Sergio Floody<\/strong> \u00a0\u00a0 \u00a0Univ. de Chile<\/li>\n<li>S<strong>amir Gerges<\/strong> \u00a0\u00a0 \u00a0Univ. Federal de Santa Catarina, Brasil<\/li>\n<li><strong>Lu\u00eds Godinho<\/strong> \u00a0\u00a0 \u00a0Univ. de Coimbra, Portugal<\/li>\n<li><strong>Elizabeth Gonz\u00e1lez<\/strong> \u00a0\u00a0 \u00a0Univ. de la Rep\u00fablica, Uruguay<\/li>\n<li><strong>Ricardo Hern\u00e1ndez<\/strong> \u00a0\u00a0 \u00a0Univ. de C\u00e1diz, Espa\u00f1a<\/li>\n<li><strong>Fidel Hern\u00e1ndez<\/strong> \u00a0\u00a0 \u00a0Univ. del Pinar del R\u00edo, Cuba<\/li>\n<li><strong>Jos\u00e9 Herrera<\/strong> \u00a0\u00a0 \u00a0Zero America Latina, Chile<\/li>\n<li><strong>Carlos Jim\u00e9nez<\/strong> \u00a0\u00a0 \u00a0P Univ. Cat\u00f3lica, Per\u00fa<\/li>\n<li><strong>Roberto Jordan<\/strong> \u00a0\u00a0 \u00a0Univ. Federal de Santa Catarina, Brasil<\/li>\n<li><strong>Diego Ledezma<\/strong> \u00a0\u00a0 \u00a0Univ. Aut\u00f3noma de Nuevo Le\u00f3n, M\u00e9xico<\/li>\n<li><strong>Arcanjo Lenzi<\/strong> \u00a0\u00a0 \u00a0Univ. Federal de Santa Catarina, Brasil<\/li>\n<li><strong>Celso Llimpe<\/strong> \u00a0\u00a0 \u00a0P Univ. Cat\u00f3lica, Per\u00fa<\/li>\n<li><strong>Antonio Marzzano<\/strong> \u00a0\u00a0 \u00a0Seremi de Salud RM, Chile<\/li>\n<li><strong>Paulo Massarani<\/strong> \u00a0\u00a0 \u00a0Inmetro, Brasil<\/li>\n<li><strong>Leonardo Meza<\/strong> \u00a0\u00a0 \u00a0P. Univ. Cat\u00f3lica, Chile<\/li>\n<li><strong>Leonardo Miranda<\/strong> \u00a0\u00a0 \u00a0Volkswagen AG, Alemania<\/li>\n<li><strong>Alfonso Moreira<\/strong> \u00a0\u00a0 \u00a0Bruel &amp; Kjaer, Estados Unidos<\/li>\n<li><strong>Jorge Moreno<\/strong> \u00a0\u00a0 \u00a0P Univ. Cat\u00f3lica, Per\u00fa<\/li>\n<li><strong>Ricardo Musafir<\/strong> \u00a0\u00a0 \u00a0Univ. Federal de R\u00edo de Janeiro, Brasil<\/li>\n<li><strong>Marco Nabuco<\/strong> \u00a0\u00a0 \u00a0Inmetro, Brasil<\/li>\n<li><strong>Rodrigo Ordo\u00f1ez<\/strong> \u00a0\u00a0 \u00a0Univ. de Aalborg, Dinamarca<\/li>\n<li><strong>Felipe Otondo<\/strong> \u00a0\u00a0 \u00a0Univ. Austral, Chile<\/li>\n<li><strong>Dinara Paix\u00e3o<\/strong> \u00a0\u00a0 \u00a0Univ. Federal de Santa Mar\u00eda, Brasil<\/li>\n<li><strong>Jorge Patr\u00edcio<\/strong> \u00a0\u00a0 \u00a0LNEC, Portugal<\/li>\n<li><strong>Stephan Paul<\/strong> \u00a0\u00a0 \u00a0Univ. Federal de Santa Mar\u00eda, Brasil<\/li>\n<li><strong>Ignacio Pav\u00f3n<\/strong> \u00a0\u00a0 \u00a0Univ. Polit\u00e9cnica de Madrid, Espa\u00f1a<\/li>\n<li><strong>Jaime Ramis<\/strong> \u00a0\u00a0 \u00a0Univ. de Alicante, Espa\u00f1a<\/li>\n<li><strong>Stelamaris Rolla<\/strong> \u00a0\u00a0 \u00a0UNICAMP, Brasil<\/li>\n<li><strong>Claudia Rosas<\/strong> \u00a0\u00a0 \u00a0Univ. Austral, Chile<\/li>\n<li><strong>Heidi Ruiz<\/strong> \u00a0\u00a0 \u00a0Univ. Cat\u00f3lica de Lovaina, B\u00e9lgica<\/li>\n<li><strong>Isolina S\u00e1nchez<\/strong> \u00a0\u00a0 \u00a0Univ. de Cs. M\u00e9dicas de Santiago de Cuba<\/li>\n<li><strong>Ilhuicamina Serv\u00edn<\/strong> \u00a0\u00a0 \u00a0Inst. Polit\u00e9cnico Nacional, M\u00e9xico<\/li>\n<li><strong>Francisco Sim\u00f3n<\/strong> \u00a0\u00a0 \u00a0CSIC, Espa\u00f1a<\/li>\n<li><strong>Enrique Su\u00e1rez<\/strong> \u00a0\u00a0 \u00a0Univ. Austral, Chile<\/li>\n<li><strong>Felipe Torres \u00a0\u00a0<\/strong>\u00a0 Benbow Environmental, Australia<\/li>\n<li><strong>Nilda Vechiatti<\/strong> \u00a0\u00a0 \u00a0LAL-CIC Bs. Aires, Argentina<\/li>\n<li><strong>Rodolfo Venegas<\/strong> \u00a0\u00a0 \u00a0Carbon Air Ltd, Inglaterra<\/li>\n<li><strong>Erasmo Vergara<\/strong> \u00a0\u00a0 \u00a0Univ. Federal de Santa Catarina, Brasil<\/li>\n<li><strong>C\u00e9sar Vasques<\/strong> \u00a0\u00a0 \u00a0Univ. de Porto, Portugal<\/li>\n<\/ul>\n<\/ul>\n<p><\/div><style>#sc_bullets_1 ul li{background-image:url(https:\/\/www.fia2014.cl\/wp-content\/themes\/fia\/img\/icons\/0130.png)}<\/style>\n","protected":false},"excerpt":{"rendered":"","protected":false},"author":1,"featured_media":0,"parent":0,"menu_order":0,"comment_status":"closed","ping_status":"open","template":"template-full-width.php","meta":{"footnotes":""},"class_list":["post-43","page","type-page","status-publish","hentry"],"_links":{"self":[{"href":"https:\/\/www.fia2014.cl\/index.php?rest_route=\/wp\/v2\/pages\/43","targetHints":{"allow":["GET"]}}],"collection":[{"href":"https:\/\/www.fia2014.cl\/index.php?rest_route=\/wp\/v2\/pages"}],"about":[{"href":"https:\/\/www.fia2014.cl\/index.php?rest_route=\/wp\/v2\/types\/page"}],"author":[{"embeddable":true,"href":"https:\/\/www.fia2014.cl\/index.php?rest_route=\/wp\/v2\/users\/1"}],"replies":[{"embeddable":true,"href":"https:\/\/www.fia2014.cl\/index.php?rest_route=%2Fwp%2Fv2%2Fcomments&post=43"}],"version-history":[{"count":11,"href":"https:\/\/www.fia2014.cl\/index.php?rest_route=\/wp\/v2\/pages\/43\/revisions"}],"predecessor-version":[{"id":875,"href":"https:\/\/www.fia2014.cl\/index.php?rest_route=\/wp\/v2\/pages\/43\/revisions\/875"}],"wp:attachment":[{"href":"https:\/\/www.fia2014.cl\/index.php?rest_route=%2Fwp%2Fv2%2Fmedia&parent=43"}],"curies":[{"name":"wp","href":"https:\/\/api.w.org\/{rel}","templated":true}]}}