{"id":402,"date":"2012-07-16T10:47:34","date_gmt":"2012-07-16T10:47:34","guid":{"rendered":"http:\/\/olevmedia.com\/themes\/expo18-wp\/?page_id=402"},"modified":"2015-09-30T10:12:23","modified_gmt":"2015-09-30T13:12:23","slug":"expo-speakers","status":"publish","type":"page","link":"https:\/\/www.fia2014.cl\/?page_id=402","title":{"rendered":"Conferencias\/Palestras"},"content":{"rendered":"<div class=\"one-half\">El Congreso contar\u00e1 con cinco conferencistas destacados en el \u00e1mbito de la ac\u00fastica internacional. El evento paralelo <a href=\"http:\/\/www.fia2014.cl\/?page_id=954\">Simposio de AES Chile<\/a>\u00a0\u00a0contar\u00e1 tambi\u00e9n con un conferencista internacional.<\/div>\n<div class=\"one-half last\"><span style=\"color: #0000ff;\">A Congresso\u00a0contar\u00e1 com cinco palestrantes de destaque no campo da ac\u00fastica internacional. O evento paralelo <a href=\"http:\/\/www.fia2014.cl\/?page_id=954\"><span style=\"color: #0000ff;\">Simposio de AES Chile<\/span><\/a>\u00a0\u00a0tamb\u00e9m contar\u00e1 com um palestrante internacional.<\/span><\/div><div class=\"clear\"><\/div>\n<h4><div class=\"h-bg\">Conferencistas invitados \/ Palestrantes convidados<\/div><\/h4>\n<p style=\"text-align: left;\"><span style=\"font-size: 14px; line-height: 1.5em;\"><div class=\"speaker-item\"><a href=\"http:\/\/www.fia2014.cl\/?page_id=1132\" class=\"pic\"><img decoding=\"async\" src=\"http:\/\/www.fia2014.cl\/wp-content\/uploads\/J.LuisBentoCoelho001.jpg\" alt=\"\" \/><div class=\"name\">J. Luis Bento Coelho<\/div><\/a><div class=\"text\"><p><i><span>Instituto Superior T\u00e9cnico, Universidad T\u00e9cnica de Lisboa, Portugal<\/span><\/i><\/p><p><strong>Conferencia: Conforto sonoro em cidades \u2013 conceitos, instrumentos e estrat\u00e9gias<\/strong><\/p><\/div><\/div>\u00a0<\/span><div class=\"speaker-item\"><a href=\"http:\/\/www.fia2014.cl\/?page_id=1139?page_id=406\" class=\"pic\"><img decoding=\"async\" src=\"http:\/\/www.fia2014.cl\/wp-content\/uploads\/Ricardo-Burdisso00.jpg\" alt=\"\" \/><div class=\"name\">Ricardo Burdisso<\/div><\/a><div class=\"text\"><p><i><span>Departamento de Ingenier\u00eda Mec\u00e1nica, VirginiaTech, Estados Unidos <\/span><\/i><\/p><p><strong>Conferencia: Ac\u00fastica de turbinas e\u00f3licas: Medici\u00f3n, control e impacto ambiental.<\/strong><\/p><\/div><\/div>\u00a0<div class=\"speaker-item\"><a href=\"http:\/\/www.fia2014.cl\/?page_id=1142\" class=\"pic\"><img decoding=\"async\" src=\"http:\/\/www.fia2014.cl\/wp-content\/uploads\/ChristopherFeuillade00a.jpg\" alt=\"\" \/><div class=\"name\">Christopher Feuillade<\/div><\/a><div class=\"text\"><p><i><span>Facultad de F\u00edsica, Pontificia Universidad Cat\u00f3lica de Chile, Santiago, Chile<\/span><\/i><\/p><p><strong>Conferencia:\u00a0Acontecimientos recientes en la dispersi\u00f3n ac\u00fastica de card\u00famenes de peces con vejiga natatoria<\/strong><\/p><\/div><\/div><\/p>\n<p style=\"text-align: left;\"><div class=\"speaker-item\"><a href=\"http:\/\/www.fia2014.cl\/?page_id=1148\" class=\"pic\"><img decoding=\"async\" src=\"http:\/\/www.fia2014.cl\/wp-content\/uploads\/Samir-Gerges00.jpg\" alt=\"\" \/><div class=\"name\">Samir N. Y. Gerges<\/div><\/a><div class=\"text\"><p><i><span>Universidade Federal de Santa Catarina (UFSC) e Instituto Federal de Santa Catarina (IFSC), Florian\u00f3polis, Brasil.<\/span><\/i><\/p><p><strong>Conferencia: Detec\u00e7\u00e3o e contribui\u00e7\u00e3o de outliers para avalia\u00e7\u00f5es subjetivas de som<\/strong><\/p><\/div><\/div>\u00a0<div class=\"speaker-item\"><a href=\"http:\/\/www.fia2014.cl\/?page_id=1151\" class=\"pic\"><img decoding=\"async\" src=\"http:\/\/www.fia2014.cl\/wp-content\/uploads\/MariaMachimbarrena00.png\" alt=\"\" \/><div class=\"name\">Mar\u00eda Machim-barrena<\/div><\/a><div class=\"text\"><p><i><span>Departamento de F\u00edsica Aplicada de la ETS de Arquitectura de la Universidad de Valladolid, Espa\u00f1a.<\/span><\/i><\/p><p><strong>Conferencia: Evoluci\u00f3n del marco normativo internacional en ac\u00fastica de la edificaci\u00f3n.<\/strong><\/p><\/div><\/div>\u00a0<div class=\"speaker-item\"><a href=\"http:\/\/www.fia2014.cl\/?page_id=1154\" class=\"pic\"><img decoding=\"async\" src=\"http:\/\/www.fia2014.cl\/wp-content\/uploads\/Andres_Mayo00.jpg\" alt=\"\" \/><div class=\"name\">Andr\u00e9s Mayo <\/div><\/a><div class=\"text\"><p><i><span>Andr\u00e9s Mayo Mastering &amp; Audio Post, Argentina.<\/span><\/i><\/p><p><strong>Conferencia (Simposio AES): Masterizaci\u00f3n<\/strong> <\/p><\/div><\/div><\/p>\n<h4><div class=\"h-bg\">VIDEOS: Conferencistas invitados \/ Palestrantes convidados<\/div><\/h4>\n<p>&nbsp;<\/p>\n<p><iframe loading=\"lazy\" width=\"640\" height=\"360\" src=\"https:\/\/www.youtube.com\/embed\/RQTX11xbmVc?list=PL_DO5LlHuBcs8YXKn2o-cJfA-3Ex9QlYp\" frameborder=\"0\" allowfullscreen><\/iframe><br \/>\n<iframe loading=\"lazy\" width=\"640\" height=\"360\" src=\"https:\/\/www.youtube.com\/embed\/hBHjtE8ubeo?list=PL_DO5LlHuBcs8YXKn2o-cJfA-3Ex9QlYp\" frameborder=\"0\" allowfullscreen><\/iframe><br \/>\n<iframe loading=\"lazy\" width=\"640\" height=\"360\" src=\"https:\/\/www.youtube.com\/embed\/b3TY_fkLJ2I?list=PL_DO5LlHuBcs8YXKn2o-cJfA-3Ex9QlYp\" frameborder=\"0\" allowfullscreen><\/iframe><br \/>\n<iframe loading=\"lazy\" width=\"640\" height=\"360\" src=\"https:\/\/www.youtube.com\/embed\/KM2GKoXC5TA?list=PL_DO5LlHuBcs8YXKn2o-cJfA-3Ex9QlYp\" frameborder=\"0\" allowfullscreen><\/iframe><br \/>\n<iframe loading=\"lazy\" width=\"640\" height=\"360\" src=\"https:\/\/www.youtube.com\/embed\/ja1lgwsvmW0?list=PL_DO5LlHuBcs8YXKn2o-cJfA-3Ex9QlYp\" frameborder=\"0\" allowfullscreen><\/iframe><br \/>\n<iframe loading=\"lazy\" width=\"640\" height=\"360\" src=\"https:\/\/www.youtube.com\/embed\/j8dLD_7QJG4?list=PL_DO5LlHuBcs8YXKn2o-cJfA-3Ex9QlYp\" frameborder=\"0\" allowfullscreen><\/iframe><\/p>\n","protected":false},"excerpt":{"rendered":"<p>\u00a0\u00a0 \u00a0\u00a0 &nbsp;<\/p>\n","protected":false},"author":1,"featured_media":0,"parent":0,"menu_order":0,"comment_status":"open","ping_status":"open","template":"template-full-width.php","meta":{"footnotes":""},"class_list":["post-402","page","type-page","status-publish","hentry"],"_links":{"self":[{"href":"https:\/\/www.fia2014.cl\/index.php?rest_route=\/wp\/v2\/pages\/402","targetHints":{"allow":["GET"]}}],"collection":[{"href":"https:\/\/www.fia2014.cl\/index.php?rest_route=\/wp\/v2\/pages"}],"about":[{"href":"https:\/\/www.fia2014.cl\/index.php?rest_route=\/wp\/v2\/types\/page"}],"author":[{"embeddable":true,"href":"https:\/\/www.fia2014.cl\/index.php?rest_route=\/wp\/v2\/users\/1"}],"replies":[{"embeddable":true,"href":"https:\/\/www.fia2014.cl\/index.php?rest_route=%2Fwp%2Fv2%2Fcomments&post=402"}],"version-history":[{"count":18,"href":"https:\/\/www.fia2014.cl\/index.php?rest_route=\/wp\/v2\/pages\/402\/revisions"}],"predecessor-version":[{"id":1341,"href":"https:\/\/www.fia2014.cl\/index.php?rest_route=\/wp\/v2\/pages\/402\/revisions\/1341"}],"wp:attachment":[{"href":"https:\/\/www.fia2014.cl\/index.php?rest_route=%2Fwp%2Fv2%2Fmedia&parent=402"}],"curies":[{"name":"wp","href":"https:\/\/api.w.org\/{rel}","templated":true}]}}