{"id":331,"date":"2012-07-16T07:12:54","date_gmt":"2012-07-16T07:12:54","guid":{"rendered":"http:\/\/olevmedia.com\/themes\/expo18-wp\/?page_id=331"},"modified":"2014-08-04T00:20:49","modified_gmt":"2014-08-04T04:20:49","slug":"registration","status":"publish","type":"page","link":"https:\/\/www.fia2014.cl\/?page_id=331","title":{"rendered":"Inscripci\u00f3n \/ Inscri\u00e7\u00e3o"},"content":{"rendered":"<p><img loading=\"lazy\" decoding=\"async\" class=\"aligncenter size-full wp-image-1116\" alt=\"banner_inscrpciones_02\" src=\"http:\/\/www.fia2014.cl\/wp-content\/uploads\/banner_inscrpciones_02.png\" width=\"800\" height=\"200\" srcset=\"https:\/\/www.fia2014.cl\/wp-content\/uploads\/banner_inscrpciones_02.png 800w, https:\/\/www.fia2014.cl\/wp-content\/uploads\/banner_inscrpciones_02-300x75.png 300w, https:\/\/www.fia2014.cl\/wp-content\/uploads\/banner_inscrpciones_02-125x31.png 125w, https:\/\/www.fia2014.cl\/wp-content\/uploads\/banner_inscrpciones_02-615x153.png 615w\" sizes=\"auto, (max-width: 800px) 100vw, 800px\" \/><\/p>\n<div class=\"h-bg\">Valores<\/div>\n<p><span style=\"line-height: 1.5em;\"><div class=\"one-half\">\u00a0<\/span><strong style=\"line-height: 1.5em;\"><span style=\"line-height: 1.5em;\">Los precios de las inscripciones est\u00e1n expresados en d\u00f3lares americanos.\u00a0<\/span><\/strong><span style=\"line-height: 1.5em;\">La inscripci\u00f3n <\/span><strong style=\"line-height: 1.5em;\">Regular<\/strong><span style=\"line-height: 1.5em;\"> y para <\/span><strong style=\"line-height: 1.5em;\">Miembros FIA<\/strong><span style=\"line-height: 1.5em;\"> incluye:<\/span><\/p>\n<ul>\n<li>Participaci\u00f3n en todas las sesiones t\u00e9cnicas y conferencias<\/li>\n<li>Certificado de participaci\u00f3n<\/li>\n<li>CD de Actas<\/li>\n<li>Material del Congreso<\/li>\n<li>C\u00f3ctel inaugural<\/li>\n<li>Coffee Breaks<\/li>\n<li>Cena Oficial.<\/li>\n<\/ul>\n<p><span style=\"line-height: 1.5em;\">La inscripci\u00f3n <\/span><strong style=\"line-height: 1.5em;\">Es<\/strong><strong style=\"line-height: 1.5em;\">tudiante\u00a0(Pregrado y Postgrado)<\/strong><span style=\"line-height: 1.5em;\">\u00a0no incluye la Cena Oficial, la que se puede pagar aparte. Para acceder a esta inscripci\u00f3n los estudiantes deben presentar certificado de alumno regular de su programa de estudios vigente.<\/span><\/p>\n<p>La inscripci\u00f3n <strong>Acompa\u00f1ante<\/strong> incluye el C\u00f3ctel Inaugural y la Cena Oficial.<\/p>\n<p><span style=\"color: #000000;\">Los valores de inscripci\u00f3n se resumen en la siguiente tabla:\u00a0<\/span><\/div><\/p>\n<div class=\"one-half last\">\u00a0<strong><span style=\"color: #0000ff;\">As taxas de inscri\u00e7\u00e3o est\u00e3o expressas em d\u00f3lares americanos.\u00a0<\/span><\/strong><span style=\"color: #0000ff;\">A inscri\u00e7\u00e3o <strong>Regular<\/strong> e para <strong>Membros<\/strong> <strong>da<\/strong> <strong>FIA<\/strong> inclui:<\/span><\/p>\n<ul>\n<li><span style=\"color: #0000ff;\">Participa\u00e7\u00e3o em todas as sess\u00f5es t\u00e9cnicas e confer\u00eancias<\/span><\/li>\n<li><span style=\"color: #0000ff;\">Certificado de participa\u00e7\u00e3o<\/span><\/li>\n<li><span style=\"color: #0000ff;\">CD dos Anais<\/span><\/li>\n<li><span style=\"color: #0000ff;\">Material do Congresso<\/span><\/li>\n<li><span style=\"color: #0000ff;\">Coquetel de abertura<\/span><\/li>\n<li><span style=\"color: #0000ff;\">Coffee Breaks<\/span><\/li>\n<li><span style=\"color: #0000ff;\">Jantar Oficial.<\/span><\/li>\n<\/ul>\n<p><span style=\"color: #0000ff;\">A inscri\u00e7\u00e3o de <strong>Estudante (Gradua\u00e7\u00e3o e P\u00f3s-Gradua\u00e7\u00e3o)\u00a0<\/strong>n\u00e3o inclui o Jantar Oficial, que poder\u00e1 ser pago separadamente. Para inscri\u00e7\u00e3o nesta categoria, os alunos devem apresentar certificado atualizado de aluno regular de seu programa de origem.<\/span><\/p>\n<p><span style=\"color: #0000ff;\">A inscri\u00e7\u00e3o de <strong>Acompanhante<\/strong> inclui o coquetel de abertura e jantar oficial.<\/span><\/p>\n<p><span style=\"color: #0000ff;\">Os valores de inscri\u00e7\u00e3o encontram-se resumidos na seguinte tabela:<\/span><\/p>\n<p><\/div><div class=\"clear\"><\/div>\n<table width=\"720\" border=\"1\" cellspacing=\"0\" cellpadding=\"0\" align=\"left\">\n<tbody>\n<tr>\n<td valign=\"top\" width=\"186\">Categor\u00eda<\/td>\n<td valign=\"top\" width=\"174\">Antes del 30 de agosto<\/td>\n<td valign=\"top\" width=\"180\">del 30 de agosto al 15 de octubre<\/td>\n<td valign=\"top\" width=\"180\">Despu\u00e9s del 15 de octubre<\/td>\n<\/tr>\n<tr>\n<td valign=\"top\" width=\"186\">Regular<\/td>\n<td valign=\"top\" width=\"174\">US$ 450<\/td>\n<td valign=\"top\" width=\"180\">US$ 500<\/td>\n<td valign=\"top\" width=\"180\">US$ 550<\/td>\n<\/tr>\n<tr>\n<td valign=\"top\" width=\"186\">Miembro FIA<\/td>\n<td valign=\"top\" width=\"174\">US$ 400<\/td>\n<td valign=\"top\" width=\"180\">US$ 450<\/td>\n<td valign=\"top\" width=\"180\">US$ 500<\/td>\n<\/tr>\n<tr>\n<td valign=\"top\" width=\"186\">Estudiante Posgrado\/P\u00f3s-Gradua\u00e7\u00e3o<\/td>\n<td valign=\"top\" width=\"174\">US$ 200<\/td>\n<td valign=\"top\" width=\"180\">US$ 250<\/td>\n<td valign=\"top\" width=\"180\">US$ 300<\/td>\n<\/tr>\n<tr>\n<td valign=\"top\" width=\"186\">Estudiante Pregrado\/Gradua\u00e7\u00e3o<\/td>\n<td valign=\"top\" width=\"174\">US$ 100<\/td>\n<td valign=\"top\" width=\"180\">US$ 150<\/td>\n<td valign=\"top\" width=\"180\">US$ 200<\/td>\n<\/tr>\n<tr>\n<td valign=\"top\" width=\"186\">Acompa\u00f1ante\/Acompanhante<\/td>\n<td valign=\"top\" width=\"174\">US$ 100<\/td>\n<td valign=\"top\" width=\"180\">US$ 100<\/td>\n<td valign=\"top\" width=\"180\">US$ 100<\/td>\n<\/tr>\n<\/tbody>\n<\/table>\n<p>&nbsp;<\/p>\n<p style=\"text-align: center;\">\n<div class=\"binfopane-wrapper\"><div class=\"binfopane\"><div class=\"binfopane-inner\"><div class=\"text\"><div class=\"big\">Proceso inscripci\u00f3n \/ Processo de inscri\u00e7\u00e3o<\/div><div>Para inscribirse en el IX Congreso Iberoamericano de Ac\u00fastica existen dos alternativas: 1. Pago con tarjeta bancaria. 2. Pago con trasferencia bancaria. \/ <span style=\"color: #ffff00;\">Para se inscrever no IX Congresso Ibero-americano de Ac\u00fastica existem duas alternativas: 1. Pagamento com cart\u00e3o. 2. Pagamento com transfer\u00eancia banc\u00e1ria.<\/span><\/div><\/div><div class=\"i-button\"><a href=\"http:\/\/www.fia2014.cl\/?page_id=1036\" class=\"binfopane-button\">Inscripci\u00f3n\/Inscri\u00e7\u00e3o<\/a><\/div><\/div><\/div><\/div>\n<div class=\"h-bg\">Importante<\/div>\n<p><span style=\"line-height: 1.5em;\"><div class=\"one-half\">La inscripci\u00f3n permite la presentaci\u00f3n de hasta dos art\u00edculos en las Sesiones T\u00e9cnicas. La presentaci\u00f3n de cada art\u00edculo adicional tendr\u00e1 un costo de US$100. La presentaci\u00f3n de un art\u00edculo podr\u00e1 ser incluida en una sesi\u00f3n t\u00e9cnica s\u00f3lo si el pago de la inscripci\u00f3n es recibido antes del 15 de octubre de 2014.<\/div><\/span><\/p>\n<div class=\"one-half last\"><span style=\"color: #0000ff;\">A inscri\u00e7\u00e3o permite a apresenta\u00e7\u00e3o de at\u00e9 dois artigos nas Sess\u00f5es T\u00e9cnicas. A apresenta\u00e7\u00e3o de cada artigo adicional ter\u00e1 um custo de US $ 100. A apresenta\u00e7\u00e3o de um artigo poder\u00e1 ser inclu\u00edda em uma sess\u00e3o t\u00e9cnica somente se a inscri\u00e7\u00e3o for efetuada antes de 15 de outubro de 2014.<\/span><\/div><div class=\"clear\"><\/div>\n<p><span style=\"line-height: 1.5em;\">\u00a0<div class=\"h-bg\">Pol\u00edtica de Cancelaci\u00f3n\/Cancelamento<\/div><\/span><\/p>\n<p><span style=\"line-height: 1.5em;\"><div class=\"one-half\">Cancelaciones y devoluci\u00f3n del 50% del valor de la inscripci\u00f3n ser\u00e1 permitido en casos excepcionales hasta el 15 de octubre de 2014. Despu\u00e9s de esa fecha no se podr\u00e1 hacer devoluciones de inscripci\u00f3n.<\/div><\/span><\/p>\n<div class=\"one-half last\">\u00a0<span style=\"color: #0000ff;\">O cancelamento e reembolso de 50% da taxa de inscri\u00e7\u00e3o ser\u00e1 permitida em casos excepcionais at\u00e9 15 de outubro de 2014. Ap\u00f3s essa data n\u00e3o \u00e9 poss\u00edvel fazer a restitui\u00e7\u00e3o de inscri\u00e7\u00e3o.<\/span><\/div><div class=\"clear\"><\/div>\n","protected":false},"excerpt":{"rendered":"<p>Categor\u00eda Antes del 30 de agosto del 30 de agosto al 15 de octubre Despu\u00e9s&#8230;<\/p>\n","protected":false},"author":1,"featured_media":0,"parent":0,"menu_order":0,"comment_status":"closed","ping_status":"open","template":"template-full-width.php","meta":{"footnotes":""},"class_list":["post-331","page","type-page","status-publish","hentry"],"_links":{"self":[{"href":"https:\/\/www.fia2014.cl\/index.php?rest_route=\/wp\/v2\/pages\/331","targetHints":{"allow":["GET"]}}],"collection":[{"href":"https:\/\/www.fia2014.cl\/index.php?rest_route=\/wp\/v2\/pages"}],"about":[{"href":"https:\/\/www.fia2014.cl\/index.php?rest_route=\/wp\/v2\/types\/page"}],"author":[{"embeddable":true,"href":"https:\/\/www.fia2014.cl\/index.php?rest_route=\/wp\/v2\/users\/1"}],"replies":[{"embeddable":true,"href":"https:\/\/www.fia2014.cl\/index.php?rest_route=%2Fwp%2Fv2%2Fcomments&post=331"}],"version-history":[{"count":60,"href":"https:\/\/www.fia2014.cl\/index.php?rest_route=\/wp\/v2\/pages\/331\/revisions"}],"predecessor-version":[{"id":1115,"href":"https:\/\/www.fia2014.cl\/index.php?rest_route=\/wp\/v2\/pages\/331\/revisions\/1115"}],"wp:attachment":[{"href":"https:\/\/www.fia2014.cl\/index.php?rest_route=%2Fwp%2Fv2%2Fmedia&parent=331"}],"curies":[{"name":"wp","href":"https:\/\/api.w.org\/{rel}","templated":true}]}}