{"id":1294,"date":"2014-11-19T08:54:45","date_gmt":"2014-11-19T11:54:45","guid":{"rendered":"http:\/\/www.fia2014.cl\/?page_id=1294"},"modified":"2014-11-19T12:32:04","modified_gmt":"2014-11-19T15:32:04","slug":"programa-del-congreso","status":"publish","type":"page","link":"https:\/\/www.fia2014.cl\/?page_id=1294","title":{"rendered":"Programa del Congreso"},"content":{"rendered":"<div class=\"h-bg\">Programa del Congreso<\/div>\n<p>Puede descargar en formato pdf el programa oficial del congreso <a href=\"http:\/\/www.fia2014.cl\/wp-content\/uploads\/Libro_Programa_FIA2014.pdf\" target=\"_blank\">aqu\u00ed<\/a>:<\/p>\n<p><a href=\"http:\/\/www.fia2014.cl\/wp-content\/uploads\/Libro_Programa_FIA2014.pdf\" target=\"_blank\"><img loading=\"lazy\" decoding=\"async\" class=\"aligncenter size-full wp-image-1307\" src=\"http:\/\/www.fia2014.cl\/wp-content\/uploads\/PORTADA-Miniatura.jpg\" alt=\"PORTADA-Miniatura\" width=\"307\" height=\"400\" srcset=\"https:\/\/www.fia2014.cl\/wp-content\/uploads\/PORTADA-Miniatura.jpg 307w, https:\/\/www.fia2014.cl\/wp-content\/uploads\/PORTADA-Miniatura-230x300.jpg 230w, https:\/\/www.fia2014.cl\/wp-content\/uploads\/PORTADA-Miniatura-125x162.jpg 125w\" sizes=\"auto, (max-width: 307px) 100vw, 307px\" \/><\/a><\/p>\n<h3><strong>Esquema Programa General<\/strong><\/h3>\n<p><a href=\"http:\/\/www.fia2014.cl\/wp-content\/uploads\/PROGRAMA_FIA2014_General.pdf\" target=\"_blank\"><img loading=\"lazy\" decoding=\"async\" class=\"aligncenter size-full wp-image-1296\" src=\"http:\/\/www.fia2014.cl\/wp-content\/uploads\/PROGRAMA_FIA2014_General.jpg\" alt=\"PROGRAMA_FIA2014_General\" width=\"728\" height=\"644\" srcset=\"https:\/\/www.fia2014.cl\/wp-content\/uploads\/PROGRAMA_FIA2014_General.jpg 728w, https:\/\/www.fia2014.cl\/wp-content\/uploads\/PROGRAMA_FIA2014_General-300x265.jpg 300w, https:\/\/www.fia2014.cl\/wp-content\/uploads\/PROGRAMA_FIA2014_General-125x110.jpg 125w, https:\/\/www.fia2014.cl\/wp-content\/uploads\/PROGRAMA_FIA2014_General-615x544.jpg 615w\" sizes=\"auto, (max-width: 728px) 100vw, 728px\" \/><\/a><\/p>\n<h3><strong>Esquema Programa en Detalle (Horarios para Sesiones T\u00e9cnicas)<\/strong><\/h3>\n<p>Las presentaciones de las sesiones t\u00e9cnicas tienen una duraci\u00f3n de 15 minutos, 3 minutos de preguntas y 2 minutos de cambio de sesi\u00f3n. Las instrucciones en detalle se publicar\u00e1n y enviar\u00e1n a los autores. El formato de la presentaci\u00f3n (plantilla PowerPoint), es libre.<\/p>\n<p><a href=\"http:\/\/www.fia2014.cl\/wp-content\/uploads\/PROGRAMA_FIA2014_Detalle.pdf\" target=\"_blank\"><img loading=\"lazy\" decoding=\"async\" class=\"aligncenter size-full wp-image-1297\" src=\"http:\/\/www.fia2014.cl\/wp-content\/uploads\/PROGRAMA_FIA2014_Detalle.jpg\" alt=\"PROGRAMA_FIA2014_Detalle\" width=\"726\" height=\"642\" srcset=\"https:\/\/www.fia2014.cl\/wp-content\/uploads\/PROGRAMA_FIA2014_Detalle.jpg 726w, https:\/\/www.fia2014.cl\/wp-content\/uploads\/PROGRAMA_FIA2014_Detalle-300x265.jpg 300w, https:\/\/www.fia2014.cl\/wp-content\/uploads\/PROGRAMA_FIA2014_Detalle-125x110.jpg 125w, https:\/\/www.fia2014.cl\/wp-content\/uploads\/PROGRAMA_FIA2014_Detalle-615x543.jpg 615w\" sizes=\"auto, (max-width: 726px) 100vw, 726px\" \/><\/a><\/p>\n<div class=\"infopane color-7\"><div class=\"inner\" style=\"background-image:url(https:\/\/www.fia2014.cl\/wp-content\/themes\/fia\/img\/icons\/0072.png)\"><a href=\"http:\/\/www.mundodreams.com\/centro-de-convenciones\/centro-de-convenciones-dreams-valdivia\/\" target=\"_blank\">Sede\/Local: Centro de Convenciones del Hotel Dreams Valdivia<\/a><\/div><\/div>\n","protected":false},"excerpt":{"rendered":"<p>Puede descargar en formato pdf el programa oficial del congreso aqu\u00ed: Esquema Programa General Esquema&#8230;<\/p>\n","protected":false},"author":2,"featured_media":0,"parent":0,"menu_order":0,"comment_status":"open","ping_status":"open","template":"template-full-width.php","meta":{"footnotes":""},"class_list":["post-1294","page","type-page","status-publish","hentry"],"_links":{"self":[{"href":"https:\/\/www.fia2014.cl\/index.php?rest_route=\/wp\/v2\/pages\/1294","targetHints":{"allow":["GET"]}}],"collection":[{"href":"https:\/\/www.fia2014.cl\/index.php?rest_route=\/wp\/v2\/pages"}],"about":[{"href":"https:\/\/www.fia2014.cl\/index.php?rest_route=\/wp\/v2\/types\/page"}],"author":[{"embeddable":true,"href":"https:\/\/www.fia2014.cl\/index.php?rest_route=\/wp\/v2\/users\/2"}],"replies":[{"embeddable":true,"href":"https:\/\/www.fia2014.cl\/index.php?rest_route=%2Fwp%2Fv2%2Fcomments&post=1294"}],"version-history":[{"count":7,"href":"https:\/\/www.fia2014.cl\/index.php?rest_route=\/wp\/v2\/pages\/1294\/revisions"}],"predecessor-version":[{"id":1310,"href":"https:\/\/www.fia2014.cl\/index.php?rest_route=\/wp\/v2\/pages\/1294\/revisions\/1310"}],"wp:attachment":[{"href":"https:\/\/www.fia2014.cl\/index.php?rest_route=%2Fwp%2Fv2%2Fmedia&parent=1294"}],"curies":[{"name":"wp","href":"https:\/\/api.w.org\/{rel}","templated":true}]}}