{"id":1263,"date":"2014-11-18T19:46:47","date_gmt":"2014-11-18T22:46:47","guid":{"rendered":"http:\/\/www.fia2014.cl\/?page_id=1263"},"modified":"2014-11-22T21:47:27","modified_gmt":"2014-11-23T00:47:27","slug":"xiv-seminario-de-acustica-ambiental","status":"publish","type":"page","link":"https:\/\/www.fia2014.cl\/?page_id=1263","title":{"rendered":"XIV Seminario de Ac\u00fastica Ambiental"},"content":{"rendered":"<p>En el contexto del IX Congreso Iberoamericano de Ac\u00fastica a realizarse del 1 al 3 de diciembre 2014 en Valdivia, el Ministerio del Medio Ambiente y la Sociedad Chilena de Ac\u00fastica unen sus esfuerzos para generar un espacio de discusi\u00f3n, sobre las materias relevantes en Chile vinculadas con la gesti\u00f3n del ruido ambiental.<\/p>\n<p>Este Simposio a realizarse la ma\u00f1ana del lunes 01 de diciembre de 2014.\u00a0En esta oportunidad, se abordar\u00e1n diversos aspectos relacionados con avances normativos en la materia y sobre la gesti\u00f3n del ruido ambiental en Latinoam\u00e9rica.<\/p>\n<h3><strong>Programaci\u00f3n<\/strong><\/h3>\n<p>Lunes 1 de Diciembre de 2014<\/p>\n<p>Centro de Convenciones Hotel Dreams Pedro de Valdivia \u2013 Calle Carampangue #190, Valdivia, Chile<\/p>\n<p><a href=\"http:\/\/www.fia2014.cl\/wp-content\/uploads\/Programa_Seminario_MMA-SOCHA.jpg\"><img loading=\"lazy\" decoding=\"async\" class=\"aligncenter size-large wp-image-1282\" src=\"http:\/\/www.fia2014.cl\/wp-content\/uploads\/Programa_Seminario_MMA-SOCHA-1024x695.jpg\" alt=\"Programa_Seminario_MMA-SOCHA\" width=\"920\" height=\"624\" srcset=\"https:\/\/www.fia2014.cl\/wp-content\/uploads\/Programa_Seminario_MMA-SOCHA-1024x695.jpg 1024w, https:\/\/www.fia2014.cl\/wp-content\/uploads\/Programa_Seminario_MMA-SOCHA-300x203.jpg 300w, https:\/\/www.fia2014.cl\/wp-content\/uploads\/Programa_Seminario_MMA-SOCHA-125x84.jpg 125w, https:\/\/www.fia2014.cl\/wp-content\/uploads\/Programa_Seminario_MMA-SOCHA-615x417.jpg 615w, https:\/\/www.fia2014.cl\/wp-content\/uploads\/Programa_Seminario_MMA-SOCHA.jpg 1243w\" sizes=\"auto, (max-width: 920px) 100vw, 920px\" \/><\/a><\/p>\n<h3>Importante:<\/h3>\n<ul>\n<li>Como sabr\u00e1, el seminario no tiene costo, es s\u00f3lo con invitaci\u00f3n personalizada. Puede Ud. solicitar una invitaci\u00f3n a\u00a0 <a href=\"mailto:IValdebenito@mma.gob.cl\">IValdebenito@mma.gob.cl<\/a>.<\/li>\n<li>Con el fin de asegurar su participaci\u00f3n y en atenci\u00f3n a las limitaciones de disponibilidad de espacio, es imprescindible que confirme su invitaci\u00f3n antes del jueves 27 de Noviembre de 2014, v\u00eda mail a <a href=\"mailto:IValdebenito@mma.gob.cl\">IValdebenito@mma.gob.cl<\/a>. Todos los invitados deben confirmar. En el evento, se restringir\u00e1 la entrada s\u00f3lo a quienes hayan sido confirmados.<\/li>\n<\/ul>\n<p><img loading=\"lazy\" decoding=\"async\" class=\"aligncenter size-full wp-image-1264\" src=\"http:\/\/www.fia2014.cl\/wp-content\/uploads\/Invitaci\u00f3n-Seminario-Ruido-MMA-2014.jpg\" alt=\"Invitaci\u00f3n Seminario Ruido MMA 2014\" width=\"742\" height=\"549\" srcset=\"https:\/\/www.fia2014.cl\/wp-content\/uploads\/Invitaci\u00f3n-Seminario-Ruido-MMA-2014.jpg 742w, https:\/\/www.fia2014.cl\/wp-content\/uploads\/Invitaci\u00f3n-Seminario-Ruido-MMA-2014-300x221.jpg 300w, https:\/\/www.fia2014.cl\/wp-content\/uploads\/Invitaci\u00f3n-Seminario-Ruido-MMA-2014-125x92.jpg 125w, https:\/\/www.fia2014.cl\/wp-content\/uploads\/Invitaci\u00f3n-Seminario-Ruido-MMA-2014-615x455.jpg 615w\" sizes=\"auto, (max-width: 742px) 100vw, 742px\" \/><\/p>\n<p>&nbsp;<\/p>\n","protected":false},"excerpt":{"rendered":"<p>En el contexto del IX Congreso Iberoamericano de Ac\u00fastica a realizarse del 1 al 3&#8230;<\/p>\n","protected":false},"author":2,"featured_media":0,"parent":0,"menu_order":0,"comment_status":"open","ping_status":"open","template":"template-full-width.php","meta":{"footnotes":""},"class_list":["post-1263","page","type-page","status-publish","hentry"],"_links":{"self":[{"href":"https:\/\/www.fia2014.cl\/index.php?rest_route=\/wp\/v2\/pages\/1263","targetHints":{"allow":["GET"]}}],"collection":[{"href":"https:\/\/www.fia2014.cl\/index.php?rest_route=\/wp\/v2\/pages"}],"about":[{"href":"https:\/\/www.fia2014.cl\/index.php?rest_route=\/wp\/v2\/types\/page"}],"author":[{"embeddable":true,"href":"https:\/\/www.fia2014.cl\/index.php?rest_route=\/wp\/v2\/users\/2"}],"replies":[{"embeddable":true,"href":"https:\/\/www.fia2014.cl\/index.php?rest_route=%2Fwp%2Fv2%2Fcomments&post=1263"}],"version-history":[{"count":11,"href":"https:\/\/www.fia2014.cl\/index.php?rest_route=\/wp\/v2\/pages\/1263\/revisions"}],"predecessor-version":[{"id":1326,"href":"https:\/\/www.fia2014.cl\/index.php?rest_route=\/wp\/v2\/pages\/1263\/revisions\/1326"}],"wp:attachment":[{"href":"https:\/\/www.fia2014.cl\/index.php?rest_route=%2Fwp%2Fv2%2Fmedia&parent=1263"}],"curies":[{"name":"wp","href":"https:\/\/api.w.org\/{rel}","templated":true}]}}