{"id":1226,"date":"2014-09-01T15:33:18","date_gmt":"2014-09-01T19:33:18","guid":{"rendered":"http:\/\/www.fia2014.cl\/?page_id=1226"},"modified":"2014-10-02T17:02:45","modified_gmt":"2014-10-02T20:02:45","slug":"instrucciones-resumen-instrucoes-resumo","status":"publish","type":"page","link":"https:\/\/www.fia2014.cl\/?page_id=1226","title":{"rendered":"Instrucciones Autores &#8211; Instru\u00e7\u00f5es Autores"},"content":{"rendered":"<p><img loading=\"lazy\" decoding=\"async\" class=\"size-full wp-image-702 aligncenter\" src=\"http:\/\/www.fia2014.cl\/wp-content\/uploads\/dreams_noche.jpg\" alt=\"dreams_noche\" width=\"800\" height=\"300\" srcset=\"https:\/\/www.fia2014.cl\/wp-content\/uploads\/dreams_noche.jpg 800w, https:\/\/www.fia2014.cl\/wp-content\/uploads\/dreams_noche-300x112.jpg 300w, https:\/\/www.fia2014.cl\/wp-content\/uploads\/dreams_noche-125x46.jpg 125w, https:\/\/www.fia2014.cl\/wp-content\/uploads\/dreams_noche-615x230.jpg 615w\" sizes=\"auto, (max-width: 800px) 100vw, 800px\" \/><\/p>\n<p><span style=\"font-size: 14px; line-height: 1.5em;\"><div class=\"one-half\">El 30 de mayo ha terminado el plazo de env\u00edo de res\u00famenes para presentar trabajos en las Sesiones T\u00e9cnicas del Congreso.\u00a0Para aquellos trabajos aceptados, sus autores deber\u00e1n enviar el trabajo en extenso, en formato de art\u00edculo seg\u00fan plantilla (<\/span><a style=\"font-size: 14px; line-height: 1.5em;\" href=\"http:\/\/www.fia2014.cl\/wp-content\/uploads\/Formato-FIA2014-Espa\u00f1ol.doc\" target=\"_blank\">Plantilla en Castellano<\/a><span style=\"font-size: 14px; line-height: 1.5em;\">,\u00a0<\/span><a style=\"font-size: 14px; line-height: 1.5em;\" href=\"http:\/\/www.fia2014.cl\/wp-content\/uploads\/Formato-FIA2014-Portugues.doc\" target=\"_blank\">Plantilla en Portugu\u00e9s<\/a><span style=\"font-size: 14px; line-height: 1.5em;\">,\u00a0<\/span><a style=\"font-size: 14px; line-height: 1.5em;\" href=\"http:\/\/www.fia2014.cl\/wp-content\/uploads\/FIA2014_Template_Latex.rar\" target=\"_blank\">Plantilla Latex<\/a><span style=\"font-size: 14px; line-height: 1.5em;\">).\u00a0Enviar el art\u00edculo completo, en formato dpf, a secretaria@fia2014.cl\u00a0<\/span><a style=\"font-size: 14px; line-height: 1.5em;\" href=\"http:\/\/www.fia2014.cl\/?page_id=91\">Ver Fechas Importantes<\/a><span style=\"font-size: 14px; line-height: 1.5em;\">.<\/span><\/p>\n<p><strong>&#8211; 10 de octubre de 2014: ULTIMO plazo para el env\u00edo del art\u00edculo (texto completo) para ser incluido en las sesiones t\u00e9cnicas y ser publicado en las Actas del Congreso.<\/strong><\/p>\n<p><strong>&#8211; 15 de octubre de 2014: ULTIMO plazo para inscribirse con tarifa reducida al congreso. La presentaci\u00f3n de un art\u00edculo podr\u00e1 ser incluida en una sesi\u00f3n t\u00e9cnica y publicada en las Actas del congreso s\u00f3lo si el pago de la inscripci\u00f3n es recibido antes del 15 de octubre de 2014. <\/strong><\/p>\n<p>Los trabajos presentados en el Congreso ser\u00e1n incluidos en el programa y actas del evento.\u00a0Para consultas sobre este proceso, escribir a secretaria@fia2014.cl<\/div><\/p>\n<div class=\"one-half last\"><span style=\"color: #0000ff;\">Na data 30 de maio tem finalizado o prazo de envio de resumos para apresentar trabalhos nas Sess\u00f5es T\u00e9cnicas do Congresso.\u00a0Para os trabalhos aceitos, os autores devem apresentar o trabalho completo em formato de artigo conforme modelo. \u00a0(<a href=\"http:\/\/www.fia2014.cl\/wp-content\/uploads\/Formato-FIA2014-Espa\u00f1ol.doc\" target=\"_blank\"><span style=\"color: #0000ff;\">Formato Castellano<\/span><\/a>\u00a0,\u00a0<a href=\"http:\/\/www.fia2014.cl\/wp-content\/uploads\/Formato-FIA2014-Portugues.doc\" target=\"_blank\"><span style=\"color: #0000ff;\">Formato Portugues<\/span><\/a>,\u00a0<a href=\"http:\/\/www.fia2014.cl\/wp-content\/uploads\/FIA2014_Template_Latex.rar\" target=\"_blank\"><span style=\"color: #0000ff;\">Plantilla Latex<\/span><\/a>). Enviar artigo completo em formato dpf para secretaria@fia2014.cl. \u00a0<a href=\"http:\/\/www.fia2014.cl\/?page_id=91\"><span style=\"color: #0000ff;\">Datas Importantes<\/span><\/a>.<\/span><\/p>\n<p><span style=\"color: #3366ff;\"><strong>&#8211; 10 de outubro de 2014: ULTIMO prazo para o envio do artigo (texto completo) para ser inclu\u00eddo nas sess\u00f5es t\u00e9cnicas e ser publicado nos Anais do Congresso.<\/strong><\/span><\/p>\n<p><span style=\"color: #3366ff;\"><strong>&#8211; 15 de outubro de 2014: ULTIMO prazo para se inscrever com tarifa reduzida no congresso. A apresenta\u00e7\u00e3o de um artigo poder\u00e1 ser inclu\u00edda em uma sess\u00e3o t\u00e9cnica y publicada nos Anais do congresso somente se a inscri\u00e7\u00e3o for efetuada antes de 15 de outubro de 2014. <\/strong><\/span><\/p>\n<p><span style=\"color: #0000ff;\">Os trabalhos apresentados no Congresso ser\u00e3o inclu\u00eddos no programa e anais do evento.\u00a0Para consultas do processo escrever para secretaria@fia2014.cl<\/span><\/div><div class=\"clear\"><\/div>\n","protected":false},"excerpt":{"rendered":"","protected":false},"author":2,"featured_media":0,"parent":0,"menu_order":0,"comment_status":"open","ping_status":"open","template":"template-full-width.php","meta":{"footnotes":""},"class_list":["post-1226","page","type-page","status-publish","hentry"],"_links":{"self":[{"href":"https:\/\/www.fia2014.cl\/index.php?rest_route=\/wp\/v2\/pages\/1226","targetHints":{"allow":["GET"]}}],"collection":[{"href":"https:\/\/www.fia2014.cl\/index.php?rest_route=\/wp\/v2\/pages"}],"about":[{"href":"https:\/\/www.fia2014.cl\/index.php?rest_route=\/wp\/v2\/types\/page"}],"author":[{"embeddable":true,"href":"https:\/\/www.fia2014.cl\/index.php?rest_route=\/wp\/v2\/users\/2"}],"replies":[{"embeddable":true,"href":"https:\/\/www.fia2014.cl\/index.php?rest_route=%2Fwp%2Fv2%2Fcomments&post=1226"}],"version-history":[{"count":8,"href":"https:\/\/www.fia2014.cl\/index.php?rest_route=\/wp\/v2\/pages\/1226\/revisions"}],"predecessor-version":[{"id":1249,"href":"https:\/\/www.fia2014.cl\/index.php?rest_route=\/wp\/v2\/pages\/1226\/revisions\/1249"}],"wp:attachment":[{"href":"https:\/\/www.fia2014.cl\/index.php?rest_route=%2Fwp%2Fv2%2Fmedia&parent=1226"}],"curies":[{"name":"wp","href":"https:\/\/api.w.org\/{rel}","templated":true}]}}