{"id":11,"date":"2012-07-09T17:45:52","date_gmt":"2012-07-09T17:45:52","guid":{"rendered":"http:\/\/olevmedia.com\/themes\/expo18-wp\/?page_id=11"},"modified":"2024-04-12T12:31:38","modified_gmt":"2024-04-12T15:31:38","slug":"homepage","status":"publish","type":"page","link":"https:\/\/www.fia2014.cl\/","title":{"rendered":"Homepage"},"content":{"rendered":"<div class=\"h-bg\">Video IX Congreso Iberoamericano de Ac\u00fastica &#8211; FIA2014<\/div>\n<p style=\"text-align: center;\"><iframe loading=\"lazy\" src=\"https:\/\/www.youtube.com\/embed\/JBeoLvRKT-c?list=PL_DO5LlHuBcs8YXKn2o-cJfA-3Ex9QlYp\" width=\"853\" height=\"480\" frameborder=\"0\" allowfullscreen=\"allowfullscreen\"><\/iframe><\/p>\n<p style=\"text-align: left;\"><div class=\"h-bg\">Libro de Actas \u00a0IX Congreso Iberoamericano de Ac\u00fastica &#8211; FIA2014<\/div><\/p>\n<ol>\n<li>Libro de Actas del IX Congreso Iberoamericano de Ac\u00fastica FIA2014 (Valdivia). Parte 1 de 4, p\u00e1ginas 1 a 372.\u00a0<a href=\"https:\/\/online.pubhtml5.com\/ipwbp\/ngdo\/\" target=\"_blank\">https:\/\/online.pubhtml5.com\/ipwbp\/ngdo\/<\/a><\/li>\n<li>Libro de Actas del IX Congreso Iberoamericano de Ac\u00fastica FIA2014 (Valdivia). Parte 2 de 4, p\u00e1ginas 373 a 800.\u00a0<a href=\"https:\/\/online.pubhtml5.com\/ipwbp\/aamc\/\" target=\"_blank\">https:\/\/online.pubhtml5.com\/ipwbp\/aamc\/<\/a><\/li>\n<li>Libro de Actas del IX Congreso Iberoamericano de Ac\u00fastica FIA2014 (Valdivia). Parte 3 de 4, p\u00e1ginas 801 a 1181.\u00a0<a href=\"https:\/\/online.pubhtml5.com\/ipwbp\/uqtf\/\" target=\"_blank\">https:\/\/online.pubhtml5.com\/ipwbp\/uqtf\/<\/a><\/li>\n<li>Libro de Actas del IX Congreso Iberoamericano de Ac\u00fastica FIA2014 (Valdivia). Parte 4 de 4, p\u00e1ginas 1182 a 1528.\u00a0<a href=\"https:\/\/online.pubhtml5.com\/ipwbp\/wcpd\/\" target=\"_blank\">https:\/\/online.pubhtml5.com\/ipwbp\/wcpd\/<\/a><\/li>\n<\/ol>\n<p style=\"text-align: left;\"><div class=\"h-bg\">IX Congreso Iberoamericano de Ac\u00fastica &#8211; FIA2014<\/div><\/p>\n<p><div class=\"one-half\"><strong>IX Congreso Iberoamericano de Ac\u00fastica, 1-3 diciembre 2014, Valdivia, Chile.<\/strong><\/p>\n<p>Volviendo a sus ra\u00edces, y habiendo la Federaci\u00f3n Iberoamericana de Ac\u00fastica FIA adjudicado el IX Congreso a Chile durante su consejo directivo de Canc\u00fan 2010 en M\u00e9xico, el a\u00f1o 2014, la organizaci\u00f3n de Noveno Congreso Iberoamericano de Ac\u00fastica recae en la Sociedad Chilena de Ac\u00fastica, quien en conjunto con el Instituto de Ac\u00fastica y la Escuela de Ingenier\u00eda Ac\u00fastica de la Universidad Austral de Chile ha decidido que se realice en la hermosa ciudad de Valdivia, Regi\u00f3n de Los R\u00edos en Chile.<\/p>\n<p>El objetivo de la FIA es promover y difundir la ac\u00fastica dentro de los pa\u00edses miembro y acercarse a los otros pa\u00edses Iberoamericanos. En ese contexto, realiza desde 1998 y cada 2 a\u00f1os un Congreso Iberoamericano de Ac\u00fastica:<\/p>\n<ul>\n<li>I Congreso FIA 1998: Florian\u00f3polis, Brasil<\/li>\n<li>II Congreso FIA 2000: Madrid, Espa\u00f1a<\/li>\n<li>III Congreso FIA 2002: Canc\u00fan, M\u00e9xico<\/li>\n<li>IV Congreso FIA 2004: Guimaraes, Portugal<\/li>\n<li><a href=\"http:\/\/www.socha.cl\/?page_id=493\" target=\"_blank\">V Congreso FIA 2006: Santiago, Chile\u00a0<img loading=\"lazy\" decoding=\"async\" class=\"alignnone  wp-image-912\" src=\"http:\/\/www.fia2014.cl\/wp-content\/uploads\/link4.png\" alt=\"link4\" width=\"19\" height=\"19\" \/><\/a><\/li>\n<li><a href=\"http:\/\/www.uba.ar\/comunicacion\/noticia.php?id=1956\" target=\"_blank\">VI Congreso FIA 2008: Buenos Aires, Argentina<img loading=\"lazy\" decoding=\"async\" src=\"http:\/\/www.fia2014.cl\/wp-content\/uploads\/link4.png\" alt=\"link4\" width=\"19\" height=\"19\" \/><\/a>\u00a0<a href=\"http:\/\/www.sea-acustica.es\/index.php?id=423\" target=\"_blank\">Memorias<img loading=\"lazy\" decoding=\"async\" src=\"http:\/\/www.fia2014.cl\/wp-content\/uploads\/libro.jpg\" alt=\"libro\" width=\"22\" height=\"22\" \/><\/a><\/li>\n<li>VII Congreso FIA 2010: Canc\u00fan, M\u00e9xico<\/li>\n<li><a href=\"http:\/\/www.spacustica.pt\/acustica2012\/index.html\" target=\"_blank\">VIII Congreso FIA 2012: \u00c9vora, Portuga<\/a><a href=\"http:\/\/www.spacustica.pt\/acustica2012\/index.html\" target=\"_blank\">l\u00a0<img loading=\"lazy\" decoding=\"async\" src=\"http:\/\/www.fia2014.cl\/wp-content\/uploads\/link4.png\" alt=\"link4\" width=\"19\" height=\"19\" \/><\/a>\u00a0<a href=\"http:\/\/www.sea-acustica.es\/index.php?id=567#c690\" target=\"_blank\">Memorias<img loading=\"lazy\" decoding=\"async\" src=\"http:\/\/www.fia2014.cl\/wp-content\/uploads\/libro.jpg\" alt=\"libro\" width=\"22\" height=\"22\" \/><\/a><\/li>\n<li>IX Congreso FIA 2014: Valdivia, Chile<span style=\"line-height: 1.5em;\"><\/div><\/span><\/li>\n<\/ul>\n<p><div class=\"one-half last\"><span style=\"color: #0000ff;\"><strong>IX Congresso Ibero-americano de Ac\u00fastica, 1-3 dezembro 2014, Valdivia, Chile.<\/strong><\/span><\/p>\n<p><span style=\"color: #0000ff;\">Voltando \u00e0s suas ra\u00edzes, a Federa\u00e7\u00e3o Ibero-americana de Ac\u00fastica FIA elegeu durante seu conselho diretivo de Canc\u00fan 2010, no M\u00e9xico, o IX Congresso para ser realizado no Chile, em 2014. A organiza\u00e7\u00e3o do Nono Congresso Ibero-americano de Ac\u00fastica cabe \u00e0 Sociedade Chilena de Ac\u00fastica que em conjunto com o Instituto de Ac\u00fastica e a Escola de Engenharia Ac\u00fastica da Universidade Austral do Chile decidiram realiz\u00e1-lo na bela cidade de Valdivia, Regi\u00e3o de Los R\u00edos no Chile.<\/span><\/p>\n<p><span style=\"color: #0000ff;\">O objetivo da FIA \u00e9 promover e difundir a ac\u00fastica dentro dos pa\u00edses membros e aproximar-se aos outros pa\u00edses Ibero-americanos. Nesse contexto, a FIA realiza desde 1998 e cada dois anos um Congresso Ibero-americano de Ac\u00fastica:<\/span><\/p>\n<ul>\n<li><span style=\"color: #0000ff;\">I Congresso FIA 1998: Florian\u00f3polis, Brasil<\/span><\/li>\n<li><span style=\"color: #0000ff;\">II Congresso FIA 2000: Madri, Espanha<\/span><\/li>\n<li><span style=\"color: #0000ff;\">III Congresso FIA 2002: Canc\u00fan, M\u00e9xico<\/span><\/li>\n<li><span style=\"color: #0000ff;\">IV Congresso FIA 2004: Guimar\u00e3es, Portugal<\/span><\/li>\n<li><span style=\"color: #0000ff;\"><a href=\"http:\/\/www.socha.cl\/?page_id=493\" target=\"_blank\"><span style=\"color: #0000ff;\">V Congresso FIA 2006: Santiago, Chile\u00a0<\/span><\/a><a href=\"http:\/\/www.socha.cl\/?page_id=493\" target=\"_blank\"><span style=\"color: #0000ff;\"><img loading=\"lazy\" decoding=\"async\" src=\"http:\/\/www.fia2014.cl\/wp-content\/uploads\/link4.png\" alt=\"link4\" width=\"19\" height=\"19\" \/><\/span><\/a><\/span><\/li>\n<li><span style=\"color: #0000ff;\"><a href=\"http:\/\/www.uba.ar\/comunicacion\/noticia.php?id=1956\" target=\"_blank\"><span style=\"color: #0000ff;\">VI Congresso FIA 2008: Buenos Aires, Argentina<img loading=\"lazy\" decoding=\"async\" src=\"http:\/\/www.fia2014.cl\/wp-content\/uploads\/link4.png\" alt=\"link4\" width=\"19\" height=\"19\" \/><\/span><\/a>\u00a0<a href=\"http:\/\/www.sea-acustica.es\/index.php?id=423\" target=\"_blank\"><span style=\"color: #0000ff;\">Memorias<img loading=\"lazy\" decoding=\"async\" src=\"http:\/\/www.fia2014.cl\/wp-content\/uploads\/libro.jpg\" alt=\"libro\" width=\"22\" height=\"22\" \/><\/span><\/a><\/span><\/li>\n<li><span style=\"color: #0000ff;\">VII Congresso FIA 2010: Canc\u00fan, M\u00e9xico<\/span><\/li>\n<li><span style=\"color: #0000ff;\"><a href=\"http:\/\/www.spacustica.pt\/acustica2012\/index.html\" target=\"_blank\"><span style=\"color: #0000ff;\">VIII Congresso FIA 2012: \u00c9vora, Portuga<\/span><\/a><a href=\"http:\/\/www.spacustica.pt\/acustica2012\/index.html\" target=\"_blank\"><span style=\"color: #0000ff;\">l\u00a0<\/span><\/a><a href=\"http:\/\/www.spacustica.pt\/acustica2012\/index.html\" target=\"_blank\"><span style=\"color: #0000ff;\"><img loading=\"lazy\" decoding=\"async\" src=\"http:\/\/www.fia2014.cl\/wp-content\/uploads\/link4.png\" alt=\"link4\" width=\"19\" height=\"19\" \/><\/span><\/a>\u00a0<a href=\"http:\/\/www.sea-acustica.es\/index.php?id=567#c690\" target=\"_blank\"><span style=\"color: #0000ff;\">Memorias<img loading=\"lazy\" decoding=\"async\" src=\"http:\/\/www.fia2014.cl\/wp-content\/uploads\/libro.jpg\" alt=\"libro\" width=\"22\" height=\"22\" \/><\/span><\/a><\/span><\/li>\n<li><span style=\"color: #0000ff;\">IX Congresso FIA 2014: Valdivia, Chile<span style=\"line-height: 1.5em;\"><\/div><div class=\"clear\"><\/div><\/span><\/span><\/li>\n<\/ul>\n<p><span style=\"color: #0000ff;\"><div class=\"h-bg\">Trabajos para Sesiones T\u00e9cnicas\/Trabalhos para Sess\u00f5es T\u00e9cnicas<\/span><\/div><\/p>\n<p>Finalmente se presentaron m\u00e1s de 150 trabajos provenientes de 15 pa\u00edses en las Sesiones T\u00e9cnicas del Congreso. Los idiomas oficiales fueron el Espa\u00f1ol y Portugu\u00e9s. <strong><a title=\"Trabajos aceptados para Sesiones T\u00e9cnicas\" href=\"http:\/\/www.fia2014.cl\/?page_id=1294\">Ver el programa del congreso.<\/a><\/strong><\/p>\n<div class=\"h-bg\">Conferencias\/Palestras<\/div>\n<p><a href=\"http:\/\/www.fia2014.cl\/?page_id=402\">Conferencistas del Congreso.\/\u00a0<span style=\"color: #0000ff;\">Palestrantes do Congresso.<\/span><\/a><\/p>\n<p style=\"padding-left: 30px;\"><div class=\"speaker-item\"><a href=\"http:\/\/www.fia2014.cl\/?page_id=1132\" class=\"pic\"><img decoding=\"async\" src=\"http:\/\/www.fia2014.cl\/wp-content\/uploads\/J.LuisBentoCoelho001.jpg\" alt=\"\" \/><div class=\"name\">J. Luis Bento Coelho<\/div><\/a><div class=\"text\"><p><i><span>Instituto Superior T\u00e9cnico, Universidad T\u00e9cnica de Lisboa, Portugal<\/span><\/i><\/p><p><\/p><\/div><\/div> <div class=\"speaker-item\"><a href=\"http:\/\/www.fia2014.cl\/?page_id=1139?page_id=406\" class=\"pic\"><img decoding=\"async\" src=\"http:\/\/www.fia2014.cl\/wp-content\/uploads\/Ricardo-Burdisso00.jpg\" alt=\"\" \/><div class=\"name\">Ricardo Burdisso<\/div><\/a><div class=\"text\"><p><i><span>Departamento de Ingenier\u00eda Mec\u00e1nica, VirginiaTech, Estados Unidos <\/span><\/i><\/p><p><\/p><\/div><\/div> <div class=\"speaker-item\"><a href=\"http:\/\/www.fia2014.cl\/?page_id=1142\" class=\"pic\"><img decoding=\"async\" src=\"http:\/\/www.fia2014.cl\/wp-content\/uploads\/ChristopherFeuillade00a.jpg\" alt=\"\" \/><div class=\"name\">Christopher Feuillade<\/div><\/a><div class=\"text\"><p><i><span>Facultad de F\u00edsica, Pontificia Universidad Cat\u00f3lica de Chile, Santiago, Chile<\/span><\/i><\/p><p><\/p><\/div><\/div><\/p>\n<p style=\"padding-left: 30px;\"><div class=\"speaker-item\"><a href=\"http:\/\/www.fia2014.cl\/?page_id=1148\" class=\"pic\"><img decoding=\"async\" src=\"http:\/\/www.fia2014.cl\/wp-content\/uploads\/Samir-Gerges00.jpg\" alt=\"\" \/><div class=\"name\">Samir N. Y. Gerges<\/div><\/a><div class=\"text\"><p><i><span>Universidade Federal de Santa Catarina (UFSC) e Instituto Federal de Santa Catarina (IFSC), Florian\u00f3polis, Brasil.<\/span><\/i><\/p><p><\/p><\/div><\/div> <div class=\"speaker-item\"><a href=\"http:\/\/www.fia2014.cl\/?page_id=1151\" class=\"pic\"><img decoding=\"async\" src=\"http:\/\/www.fia2014.cl\/wp-content\/uploads\/MariaMachimbarrena00.png\" alt=\"\" \/><div class=\"name\">Mar\u00eda Machim-barrena<\/div><\/a><div class=\"text\"><p><i><span>Departamento de F\u00edsica Aplicada de la ETS de Arquitectura de la Universidad de Valladolid, Espa\u00f1a.<\/span><\/i><\/p><p><\/p><\/div><\/div> <div class=\"speaker-item\"><a href=\"http:\/\/www.fia2014.cl\/?page_id=1154\" class=\"pic\"><img decoding=\"async\" src=\"http:\/\/www.fia2014.cl\/wp-content\/uploads\/Andres_Mayo00.jpg\" alt=\"\" \/><div class=\"name\">Andr\u00e9s Mayo <\/div><\/a><div class=\"text\"><p><i><span>Andr\u00e9s Mayo Mastering &amp; Audio Post, Argentina.<\/span><\/i><\/p><p><\/p><\/div><\/div><\/p>\n<p><span style=\"line-height: 1.5em;\"><div class=\"h-bg\"><\/span><span style=\"line-height: 1.5em;\">Organiza\/Organiza\u00e7\u00e3o<\/span><span style=\"line-height: 1.5em;\"><\/div><\/span><\/p>\n<div>\n<div class=\"logos\">\u00a0<a href=\"http:\/\/www.fia.ufsc.br\/\" target=\"_blank\"><img loading=\"lazy\" decoding=\"async\" src=\"http:\/\/fia2014.cl\/wp-content\/uploads\/logo_fia_200tr-300x197.png\" alt=\"logo_fia_200tr\" width=\"210\" height=\"138\" \/><\/a><a href=\"http:\/\/www.socha.cl\/\" target=\"_blank\"><img loading=\"lazy\" decoding=\"async\" src=\"http:\/\/fia2014.cl\/wp-content\/uploads\/LOGO_SOCHA_200tr-300x94.png\" alt=\"LOGO_SOCHA_200tr\" width=\"300\" height=\"94\" \/><\/a>\u00a0<a href=\"http:\/\/www.uach.cl\/\" target=\"_blank\"><img loading=\"lazy\" decoding=\"async\" src=\"http:\/\/fia2014.cl\/wp-content\/uploads\/UACh-logo-200tr-300x141.png\" alt=\"UACh-logo-200tr\" width=\"300\" height=\"141\" \/><\/a><a href=\"http:\/\/www.acusticauach.cl\/\" target=\"_blank\"><img loading=\"lazy\" decoding=\"async\" src=\"http:\/\/fia2014.cl\/wp-content\/uploads\/acusticauach_blanco_200tr.png\" alt=\"acusticauach_blanco_200tr\" width=\"200\" height=\"166\" \/><\/a>\u00a0<div class=\"clear\"><\/div><\/div>\n<div class=\"h-bg\">Patrocinio Nacional<\/div>\n<p style=\"text-align: center;\"><a href=\"http:\/\/portal.mma.gob.cl\/\" target=\"_blank\"><img loading=\"lazy\" decoding=\"async\" class=\"size-full wp-image-1189 aligncenter\" style=\"line-height: 1.5em;\" src=\"http:\/\/www.fia2014.cl\/wp-content\/uploads\/Logo-mma-200.jpg\" alt=\"Logo-mma-200\" width=\"200\" height=\"181\" srcset=\"https:\/\/www.fia2014.cl\/wp-content\/uploads\/Logo-mma-200.jpg 200w, https:\/\/www.fia2014.cl\/wp-content\/uploads\/Logo-mma-200-125x113.jpg 125w\" sizes=\"auto, (max-width: 200px) 100vw, 200px\" \/><\/a>\u00a0 \u00a0 \u00a0 \u00a0 \u00a0\u00a0<a style=\"line-height: 1.5em;\" href=\"http:\/\/www.aes.org\/sections\/view.cfm?section=19\" target=\"_blank\"><img loading=\"lazy\" decoding=\"async\" class=\"size-full wp-image-1193 aligncenter\" src=\"http:\/\/www.fia2014.cl\/wp-content\/uploads\/aes-audio-engineering-society-chile-400.jpg\" alt=\"aes-audio-engineering-society-chile-400\" width=\"400\" height=\"134\" srcset=\"https:\/\/www.fia2014.cl\/wp-content\/uploads\/aes-audio-engineering-society-chile-400.jpg 400w, https:\/\/www.fia2014.cl\/wp-content\/uploads\/aes-audio-engineering-society-chile-400-300x100.jpg 300w, https:\/\/www.fia2014.cl\/wp-content\/uploads\/aes-audio-engineering-society-chile-400-125x41.jpg 125w\" sizes=\"auto, (max-width: 400px) 100vw, 400px\" \/><\/a><span style=\"line-height: 1.5em;\">\u00a0 \u00a0 \u00a0 \u00a0 \u00a0 \u00a0 \u00a0 \u00a0 \u00a0 \u00a0<\/span><span style=\"line-height: 1.5em;\"><a href=\"http:\/\/www.acusticoschile.cl\/\" target=\"_blank\"><img loading=\"lazy\" decoding=\"async\" class=\"wp-image-1199 aligncenter\" style=\"margin-top: 5px; margin-bottom: 5px;\" src=\"http:\/\/www.fia2014.cl\/wp-content\/uploads\/LOGO-CIAC-400.jpg\" alt=\"LOGO CIAC-400\" width=\"360\" height=\"97\" srcset=\"https:\/\/www.fia2014.cl\/wp-content\/uploads\/LOGO-CIAC-400.jpg 400w, https:\/\/www.fia2014.cl\/wp-content\/uploads\/LOGO-CIAC-400-300x81.jpg 300w, https:\/\/www.fia2014.cl\/wp-content\/uploads\/LOGO-CIAC-400-125x33.jpg 125w\" sizes=\"auto, (max-width: 360px) 100vw, 360px\" \/><\/a>\u00a0 \u00a0 \u00a0 \u00a0 \u00a0\u00a0<\/span><img loading=\"lazy\" decoding=\"async\" class=\"size-full wp-image-1192 alignnone aligncenter\" style=\"line-height: 1.5em;\" src=\"http:\/\/www.fia2014.cl\/wp-content\/uploads\/Logo-CECs-300.jpg\" alt=\"Logo CECs 300\" width=\"300\" height=\"175\" srcset=\"https:\/\/www.fia2014.cl\/wp-content\/uploads\/Logo-CECs-300.jpg 300w, https:\/\/www.fia2014.cl\/wp-content\/uploads\/Logo-CECs-300-125x72.jpg 125w\" sizes=\"auto, (max-width: 300px) 100vw, 300px\" \/><\/p>\n<p><span style=\"line-height: 1.5em;\"><div class=\"h-bg\">Patrocinio Internacional<\/div><\/span><\/p>\n<div class=\"logos\"><a href=\"http:\/\/www.iiav.org\/\" target=\"_blank\"><img loading=\"lazy\" decoding=\"async\" class=\"alignnone size-full wp-image-923\" src=\"http:\/\/www.fia2014.cl\/wp-content\/uploads\/LOGO_IIAV-300.png\" alt=\"LOGO_IIAV-300\" width=\"300\" height=\"169\" srcset=\"https:\/\/www.fia2014.cl\/wp-content\/uploads\/LOGO_IIAV-300.png 300w, https:\/\/www.fia2014.cl\/wp-content\/uploads\/LOGO_IIAV-300-125x70.png 125w\" sizes=\"auto, (max-width: 300px) 100vw, 300px\" \/><\/a>\u00a0<a href=\"http:\/\/www.icacommission.org\/\" target=\"_blank\"><img loading=\"lazy\" decoding=\"async\" class=\"alignnone  wp-image-951\" src=\"http:\/\/www.fia2014.cl\/wp-content\/uploads\/ICA_300.png\" alt=\"ICA_300\" width=\"270\" height=\"138\" srcset=\"https:\/\/www.fia2014.cl\/wp-content\/uploads\/ICA_300.png 300w, https:\/\/www.fia2014.cl\/wp-content\/uploads\/ICA_300-125x63.png 125w\" sizes=\"auto, (max-width: 270px) 100vw, 270px\" \/><\/a>\u00a0<div class=\"clear\"><\/div><\/div>\n<div class=\"h-bg\">Auspiciadores<\/div>\n<p><a href=\"http:\/\/www.fia2014.cl\/?page_id=288\"><img loading=\"lazy\" decoding=\"async\" class=\"aligncenter size-large wp-image-1273\" src=\"http:\/\/www.fia2014.cl\/wp-content\/uploads\/AUSPICIADORES_FIA-TODOS-1024x238.png\" alt=\"AUSPICIADORES_FIA-TODOS\" width=\"920\" height=\"213\" srcset=\"https:\/\/www.fia2014.cl\/wp-content\/uploads\/AUSPICIADORES_FIA-TODOS-1024x238.png 1024w, https:\/\/www.fia2014.cl\/wp-content\/uploads\/AUSPICIADORES_FIA-TODOS-300x69.png 300w, https:\/\/www.fia2014.cl\/wp-content\/uploads\/AUSPICIADORES_FIA-TODOS-125x29.png 125w, https:\/\/www.fia2014.cl\/wp-content\/uploads\/AUSPICIADORES_FIA-TODOS-615x143.png 615w\" sizes=\"auto, (max-width: 920px) 100vw, 920px\" \/><\/a><\/p>\n<\/div>\n","protected":false},"excerpt":{"rendered":"<p>Libro de Actas del IX Congreso Iberoamericano de Ac\u00fastica FIA2014 (Valdivia). Parte 1 de 4,&#8230;<\/p>\n","protected":false},"author":1,"featured_media":0,"parent":0,"menu_order":0,"comment_status":"open","ping_status":"open","template":"template-home.php","meta":{"footnotes":""},"class_list":["post-11","page","type-page","status-publish","hentry"],"_links":{"self":[{"href":"https:\/\/www.fia2014.cl\/index.php?rest_route=\/wp\/v2\/pages\/11","targetHints":{"allow":["GET"]}}],"collection":[{"href":"https:\/\/www.fia2014.cl\/index.php?rest_route=\/wp\/v2\/pages"}],"about":[{"href":"https:\/\/www.fia2014.cl\/index.php?rest_route=\/wp\/v2\/types\/page"}],"author":[{"embeddable":true,"href":"https:\/\/www.fia2014.cl\/index.php?rest_route=\/wp\/v2\/users\/1"}],"replies":[{"embeddable":true,"href":"https:\/\/www.fia2014.cl\/index.php?rest_route=%2Fwp%2Fv2%2Fcomments&post=11"}],"version-history":[{"count":103,"href":"https:\/\/www.fia2014.cl\/index.php?rest_route=\/wp\/v2\/pages\/11\/revisions"}],"predecessor-version":[{"id":1362,"href":"https:\/\/www.fia2014.cl\/index.php?rest_route=\/wp\/v2\/pages\/11\/revisions\/1362"}],"wp:attachment":[{"href":"https:\/\/www.fia2014.cl\/index.php?rest_route=%2Fwp%2Fv2%2Fmedia&parent=11"}],"curies":[{"name":"wp","href":"https:\/\/api.w.org\/{rel}","templated":true}]}}