{"id":954,"date":"2014-05-15T10:30:54","date_gmt":"2014-05-15T14:30:54","guid":{"rendered":"http:\/\/www.fia2014.cl\/?page_id=954"},"modified":"2014-11-18T19:51:21","modified_gmt":"2014-11-18T22:51:21","slug":"eventos-asociados","status":"publish","type":"page","link":"http:\/\/www.fia2014.cl\/?page_id=954","title":{"rendered":"Eventos Paralelos"},"content":{"rendered":"<p><span style=\"line-height: 1.5em;\"><div class=\"one-half\"><\/span><\/p>\n<p><strong>En coordinaci\u00f3n con el IX Congreso\u00a0Iberoamericano de Ac\u00fastica \u00a0e \u00a0INGEACUS 2014 \u00a0Congreso\u00a0Internacional de Ac\u00fastica y Audio Profesional se llevar\u00e1n a cabo tres Eventos Paralelos:<\/strong><\/p>\n<ol>\n<li><span style=\"line-height: 1.5em;\">XIV Seminario de Ac\u00fastica Ambiental, a realizarse el \u00a0lunes 01 de\u00a0<\/span><span style=\"line-height: 1.5em;\">diciembre en la jornada de la ma\u00f1ana<\/span><\/li>\n<li><span style=\"line-height: 1.5em;\">\u00a0Simposio de AES Chile (Audio Engineering\u00a0<\/span><span style=\"line-height: 1.5em;\">Society)\u00a0a realizarse el \u00a0lunes 01 de\u00a0diciembre en la jornada de la ma\u00f1ana.<\/span><\/li>\n<li>Encuentro de Estudiantes de Ac\u00fastica y Audio Profesional ENEAC, a realizarse los d\u00edas s\u00e1bado 29 y domingo 30 de noviembre de 2014<\/li>\n<\/ol>\n<p><\/div><\/p>\n<div class=\"one-half last\"><\/p>\n<p><span style=\"color: #0000ff;\"><strong>Simultaneamente ao IX Congresso Ibero-americano de Ac\u00fastica e INGEACUS 2014 e Congresso Internacional de Ac\u00fastica e \u00c1udio Professional ser\u00e3o realizados tr\u00eas Eventos Paralelos:<\/strong><\/span><\/p>\n<ol>\n<li><span style=\"color: #0000ff;\">XIV Semin\u00e1rio de Ac\u00fastica Ambiental, a ser realizado na segunda-feira 01 de dezembro no per\u00edodo da manha.<\/span><\/li>\n<li><span style=\"color: #0000ff;\">Simp\u00f3sio de AES Chile (Audio Engineering Society), a ser realizado na segunda-feira 01 de dezembro no per\u00edodo da manha.<\/span><\/li>\n<li><span style=\"color: #0000ff;\">Encontro de Estudantes de Ac\u00fastica y \u00c1udio Profissional ENEAC, a ser realizado no s\u00e1bado 29 e domingo 30 de novembro de 2014.<\/span><\/li>\n<\/ol>\n<p><\/div><div class=\"clear\"><\/div>\n<p><span style=\"line-height: 1.5em;\"><div class=\"h-bg\"><\/span><span style=\"line-height: 1.5em;\">XIV Seminario de Ac\u00fastica Ambiental<\/span><span style=\"line-height: 1.5em;\"><\/div><\/span><\/p>\n<p><img loading=\"lazy\" decoding=\"async\" class=\"aligncenter size-full wp-image-1060\" src=\"http:\/\/www.fia2014.cl\/wp-content\/uploads\/Seminario_2013b.jpg\" alt=\"Seminario_2013b\" width=\"800\" height=\"267\" srcset=\"http:\/\/www.fia2014.cl\/wp-content\/uploads\/Seminario_2013b.jpg 800w, http:\/\/www.fia2014.cl\/wp-content\/uploads\/Seminario_2013b-300x100.jpg 300w, http:\/\/www.fia2014.cl\/wp-content\/uploads\/Seminario_2013b-125x41.jpg 125w, http:\/\/www.fia2014.cl\/wp-content\/uploads\/Seminario_2013b-615x205.jpg 615w\" sizes=\"auto, (max-width: 800px) 100vw, 800px\" \/><\/p>\n<div class=\"one-half\"><\/p>\n<p><span style=\"line-height: 1.5em;\">Desde 1995 que el Ministerio del Medio Ambiente MMA (anteriormente la Comisi\u00f3n Nacional del Medio Ambiente CONAMA) y la Sociedad Chilena de Ac\u00fastica, unen sus esfuerzos para generar un espacio de discusi\u00f3n, sobre las materias relevantes en Chile vinculadas con el control de ruido ambiental. Ver Seminarios anteriores en <a href=\"http:\/\/www.socha.cl\/?page_id=125\" target=\"_blank\">http:\/\/www.socha.cl\/?page_id=125<\/a>.<br \/>\n<\/span><\/p>\n<p>En conjunto organizar\u00e1n el XIV Seminario de Ac\u00fastica Ambiental el 01 de Diciembre, de 08:30 a 13:00 hrs, en el <em><a href=\"http:\/\/www.mundodreams.com\/centro-de-convenciones\/centro-de-convenciones-dreams-valdivia\/\" target=\"_blank\">Centro de Convenciones del Hotel Dreams Pedro de Valdivia<\/a><\/em>, Calle\u00a0Carampangue #190, Valdivia Cod. Postal 5110260, D\u00e9cima Cuarta Regi\u00f3n de Los R\u00edos).<\/p>\n<p>Esta actividad se realiza en el mismo Hotel que el\u00a0IX Congreso Iberoamericano de Ac\u00fastica FIA2014, durante la ma\u00f1ana del primer d\u00eda, y en paralelo con el\u00a0Simposio de AES Chile y la\u00a0Exposici\u00f3n T\u00e9cnica de Productos y Servicios en Ac\u00fastica.<\/p>\n<p>La asistencia al\u00a0XIV Seminario de Ac\u00fastica Ambiental es por medio de invitaci\u00f3n. Quienes se inscriban al\u00a0IX Congreso Iberoamericano de Ac\u00fastica FIA2014 podr\u00e1n optar por una invitaci\u00f3n (en el proceso de inscripci\u00f3n).<\/p>\n<h3><strong><a title=\"XIV Seminario de Ac\u00fastica Ambiental\" href=\"http:\/\/www.fia2014.cl\/?page_id=1263\">Programa<\/a><\/strong>.<\/h3>\n<p><\/div>\n<div class=\"one-half last\"><\/p>\n<p><span style=\"color: #0000ff;\">Desde 1995, o Minist\u00e9rio do Meio Ambiente MMA (antiga Comiss\u00e3o Nacional de Meio Ambiente CONAMA) e a Sociedade Chilena de Ac\u00fastica, unem esfor\u00e7os para criar um espa\u00e7o de discuss\u00e3o sobre temas relevantes no Chile relacionados com o controlo do ru\u00eddo ambiental. Ver Semin\u00e1rios anteriores em<a href=\" http:\/\/www.socha.cl\/?page_id=125\" target=\"_blank\"> http:\/\/www.socha.cl\/?page_id=125.<\/a><\/span><\/p>\n<p><span style=\"color: #0000ff;\">Juntos, eles organizar\u00e3o o XIV Semin\u00e1rio sobre Ac\u00fastica Ambiental no 01 de dezembro, das 08:30 \u00e0s 13:00 h, no Centro de Conven\u00e7\u00f5es do Hotel Dreams Pedro de Valdivia, Rua Carampangue 190, CEP 5110260 Valdivia, XIV Regi\u00f3n de Los R\u00edos.<\/span><\/p>\n<p><span style=\"color: #0000ff;\">Esta atividade ser\u00e1 realizada no mesmo Hotel do IX Congresso Ibero-americano de Ac\u00fastica FIA2014, durante o per\u00edodo da manha do primeiro dia, e em paralelo com o Simp\u00f3sio de AES Chile e a Exposi\u00e7\u00e3o T\u00e9cnica de Produtos e Servi\u00e7os em Ac\u00fastica.<\/span><\/p>\n<p><span style=\"color: #0000ff;\">A participa\u00e7\u00e3o no XIV Semin\u00e1rio de Ac\u00fastica Ambiental \u00e9 mediante convite. Aqueles que se registrarem no IX Congresso Ibero-americano de Ac\u00fastica FIA2014 poder\u00e3o escolher um convite (no processo de inscri\u00e7\u00e3o).<\/span><\/p>\n<h3><span style=\"color: #0000ff;\"><strong><a title=\"XIV Seminario de Ac\u00fastica Ambiental\" href=\"http:\/\/www.fia2014.cl\/?page_id=1263\">Programa<\/a><\/strong>.<\/span><\/h3>\n<p><\/div><div class=\"clear\"><\/div>\n<div class=\"h-bg\">Simposio de AES Chile<\/div>\n<p><img loading=\"lazy\" decoding=\"async\" class=\"aligncenter size-full wp-image-1063\" src=\"http:\/\/www.fia2014.cl\/wp-content\/uploads\/aes-audio-engineering-society-chile-v02.png\" alt=\"aes-audio-engineering-society-chile v02\" width=\"800\" height=\"267\" srcset=\"http:\/\/www.fia2014.cl\/wp-content\/uploads\/aes-audio-engineering-society-chile-v02.png 800w, http:\/\/www.fia2014.cl\/wp-content\/uploads\/aes-audio-engineering-society-chile-v02-300x100.png 300w, http:\/\/www.fia2014.cl\/wp-content\/uploads\/aes-audio-engineering-society-chile-v02-125x41.png 125w, http:\/\/www.fia2014.cl\/wp-content\/uploads\/aes-audio-engineering-society-chile-v02-615x205.png 615w\" sizes=\"auto, (max-width: 800px) 100vw, 800px\" \/><\/p>\n<div class=\"one-half\"><\/p>\n<p>El Simposio de AES Chile (Audio Engineering\u00a0Society) permitir\u00e1 un punto de reuni\u00f3n y presentaciones en el \u00e1rea de Audio Profesional. Contar\u00e1 con la participaci\u00f3n como expositor de <a href=\"http:\/\/es.wikipedia.org\/wiki\/Andr%C3%A9s_Mayo\" target=\"_blank\">Andr\u00e9s Mayo<\/a>,\u00a0Ingeniero de Audio argentino especializado en Masterizaci\u00f3n, de reconocida trayectoria y ganador de dos Grammy Latinos, entre otros reconocimientos. Actualmente es <a href=\"http:\/\/www.aes.org\/aes\/andresmayo\" target=\"_blank\">Presidente Electo de la\u00a0Audio Engineering Society<\/a>.<\/p>\n<p>Esta actividad se realiza en el mismo Hotel que el\u00a0IX Congreso Iberoamericano de Ac\u00fastica FIA2014, durante la ma\u00f1ana del primer d\u00eda, y en paralelo con el XIV Seminario de Ac\u00fastica Ambiental\u00a0y la\u00a0Exposici\u00f3n T\u00e9cnica de Productos y Servicios en Ac\u00fastica.<\/p>\n<p>La asistencia al\u00a0Simposio de AES Chile\u00a0es por medio de invitaci\u00f3n. Quienes se inscriban al\u00a0IX Congreso Iberoamericano de Ac\u00fastica FIA2014 podr\u00e1n optar por una invitaci\u00f3n (en el proceso de inscripci\u00f3n).<\/p>\n<h3><strong><a title=\"Simposio de AES Chile 2014\" href=\"http:\/\/www.fia2014.cl\/?page_id=1255\">Programa<\/a><\/strong>.<\/h3>\n<p><\/div>\n<div class=\"one-half last\"><\/p>\n<p><span style=\"color: #0000ff;\">O Simp\u00f3sio de AES Chile (Audio Engineering Society) permitir\u00e1 um ponto de reuni\u00e3o e apresenta\u00e7\u00f5es na \u00e1rea de \u00c1udio Profissional. Contar\u00e1 com a participa\u00e7\u00e3o do expositor Andr\u00e9s Mayo, Engenheiro de \u00c1udio argentino especializado em Mixagem, ganhador de 2 Grammy Latinos entre outros reconhecimentos. Atualmente ele \u00e9 <a href=\"http:\/\/www.aes.org\/aes\/andresmayo\" target=\"_blank\"><span style=\"color: #0000ff;\">Presidente Eleito da Audio Engineering Society<\/span><\/a>.<\/span><\/p>\n<p><span style=\"color: #0000ff;\">Esta atividade se realizar\u00e1 no mesmo Hotel que o IX Congresso Ibero-americano de Ac\u00fastica FIA2014, durante o per\u00edodo da manha do primeiro dia, e em paralelo com o XIV Semin\u00e1rio de Ac\u00fastica Ambiental e a Exposi\u00e7\u00e3o T\u00e9cnica de Produtos e Servi\u00e7os em Ac\u00fastica.<\/span><\/p>\n<p><span style=\"color: #0000ff;\">A participa\u00e7\u00e3o no Simp\u00f3sio de AES Chile \u00e9 atrav\u00e9s de convite. Aqueles que se inscreverem no IX Congresso Ibero-americano de Ac\u00fastica FIA2014 poder\u00e3o escolher um convite (no processo de inscri\u00e7\u00e3o).<\/span><\/p>\n<h3><span style=\"color: #0000ff;\"><strong><a title=\"Simposio de AES Chile 2014\" href=\"http:\/\/www.fia2014.cl\/?page_id=1255\">Programa<\/a><\/strong>.<\/span><\/h3>\n<p><\/div><div class=\"clear\"><\/div>\n<div class=\"h-bg\">Encuentro de Estudiantes de Ac\u00fastica y Audio Profesional ENEAC<\/div>\n<p><a href=\"http:\/\/www.ingeacus.cl\/\" target=\"_blank\"><img loading=\"lazy\" decoding=\"async\" class=\"aligncenter size-full wp-image-1065\" src=\"http:\/\/www.fia2014.cl\/wp-content\/uploads\/INGEACUS-ENEAC-BANNERch2.jpg\" alt=\"INGEACUS-ENEAC-BANNERch2\" width=\"800\" height=\"267\" srcset=\"http:\/\/www.fia2014.cl\/wp-content\/uploads\/INGEACUS-ENEAC-BANNERch2.jpg 800w, http:\/\/www.fia2014.cl\/wp-content\/uploads\/INGEACUS-ENEAC-BANNERch2-300x100.jpg 300w, http:\/\/www.fia2014.cl\/wp-content\/uploads\/INGEACUS-ENEAC-BANNERch2-125x41.jpg 125w, http:\/\/www.fia2014.cl\/wp-content\/uploads\/INGEACUS-ENEAC-BANNERch2-615x205.jpg 615w\" sizes=\"auto, (max-width: 800px) 100vw, 800px\" \/><\/a><\/p>\n<div class=\"one-half\"><\/p>\n<p>Esta versi\u00f3n de INGEACUS tiene como principal objetivo, retomar la idea con que \u00e9ste naci\u00f3 en 1992, un ideal que alimenta el deseo de hacer participar de manera activa, a los estudiantes y acad\u00e9micos presentes en los espacios de discusi\u00f3n y exposici\u00f3n.<\/p>\n<p>Con esta versi\u00f3n de INGEACUS, nace el Encuentro de Estudiantes de Ac\u00fastica y Audio Profesional, el cual se desarrollar\u00e1 los d\u00edas 29 y 30 de noviembre del a\u00f1o 2014 en la ciudad de Valdivia, con sede en la Universidad Austral de Chile.<\/p>\n<p><span style=\"line-height: 1.5em;\">Para m\u00e1s informaci\u00f3n en <\/span><a style=\"line-height: 1.5em;\" href=\"http:\/\/www.ingeacus.cl\/\" target=\"_blank\">www.ingeacus.cl<\/a><\/p>\n<p><\/div>\n<div class=\"one-half last\"><\/p>\n<p><span style=\"color: #0000ff;\">Esta vers\u00e3o do INGEACUS tem como principal objetivo, retomar a ideia como este evento nasceu em 1992, um ideal que alimenta o desejo de fazer participar de forma ativa, os estudantes e docentes presentes nos espa\u00e7os de discuss\u00e3o e exposi\u00e7\u00e3o.<\/span><\/p>\n<p><span style=\"color: #0000ff;\">Com esta vers\u00e3o do INGEACUS nasce o Encontro de Estudantes de Ac\u00fastica e \u00c1udio Profissional, que ser\u00e1 realizado nos dias 29 e 30 de novembro de 2014 na cidade de Valdivia e sediado na Universidad Austral de Chile.<\/span><\/p>\n<p><span style=\"color: #0000ff;\">Mais informa\u00e7\u00f5es em <a href=\"http:\/\/www.ingeacus.cl\/\" target=\"_blank\">www.ingeacus.cl<\/a><\/span><\/p>\n<p><\/div><div class=\"clear\"><\/div>\n<p>&nbsp;<\/p>\n","protected":false},"excerpt":{"rendered":"<p>&nbsp;<\/p>\n","protected":false},"author":2,"featured_media":0,"parent":0,"menu_order":0,"comment_status":"open","ping_status":"open","template":"template-full-width.php","meta":{"footnotes":""},"class_list":["post-954","page","type-page","status-publish","hentry"],"_links":{"self":[{"href":"http:\/\/www.fia2014.cl\/index.php?rest_route=\/wp\/v2\/pages\/954","targetHints":{"allow":["GET"]}}],"collection":[{"href":"http:\/\/www.fia2014.cl\/index.php?rest_route=\/wp\/v2\/pages"}],"about":[{"href":"http:\/\/www.fia2014.cl\/index.php?rest_route=\/wp\/v2\/types\/page"}],"author":[{"embeddable":true,"href":"http:\/\/www.fia2014.cl\/index.php?rest_route=\/wp\/v2\/users\/2"}],"replies":[{"embeddable":true,"href":"http:\/\/www.fia2014.cl\/index.php?rest_route=%2Fwp%2Fv2%2Fcomments&post=954"}],"version-history":[{"count":12,"href":"http:\/\/www.fia2014.cl\/index.php?rest_route=\/wp\/v2\/pages\/954\/revisions"}],"predecessor-version":[{"id":1272,"href":"http:\/\/www.fia2014.cl\/index.php?rest_route=\/wp\/v2\/pages\/954\/revisions\/1272"}],"wp:attachment":[{"href":"http:\/\/www.fia2014.cl\/index.php?rest_route=%2Fwp%2Fv2%2Fmedia&parent=954"}],"curies":[{"name":"wp","href":"https:\/\/api.w.org\/{rel}","templated":true}]}}