{"id":1151,"date":"2014-08-25T13:12:12","date_gmt":"2014-08-25T17:12:12","guid":{"rendered":"http:\/\/www.fia2014.cl\/?page_id=1151"},"modified":"2014-08-25T15:26:34","modified_gmt":"2014-08-25T19:26:34","slug":"maria-machimbarrena","status":"publish","type":"page","link":"http:\/\/www.fia2014.cl\/?page_id=1151","title":{"rendered":"Mar\u00eda Machimbarrena"},"content":{"rendered":"<p>Conferencia:<\/p>\n<h2><strong>Evoluci\u00f3n del marco normativo internacional en ac\u00fastica de la edificaci\u00f3n<\/strong><\/h2>\n<h4><img loading=\"lazy\" decoding=\"async\" class=\"alignleft size-full wp-image-1152\" alt=\"Maria Machimbarrena 00\" src=\"http:\/\/www.fia2014.cl\/wp-content\/uploads\/Maria-Machimbarrena-00.png\" width=\"124\" height=\"124\" \/>Mar\u00eda Machimbarrena<br \/>\nDepartamento de F\u00edsica Aplicada de la ETS de Arquitectura de la Universidad de Valladolid, Espa\u00f1a.<\/h4>\n<p>Mar\u00eda Machimbarrena comenz\u00f3 su etapa investigadora en el campo de ac\u00fastica de la edificaci\u00f3n en 1992, presentando la Tesis Doctoral titulada \u00abEstudio comparativo del aislamiento ac\u00fastico por presi\u00f3n y por intensidad\u00bb en 1999. Desde entonces ha colaborado en m\u00e1s de 50 publicaciones y m\u00e1s de 60 comunicaciones a congresos y ha dirigido un gran n\u00famero de estudiantes de M\u00e1ster y Doctorado. Actualmente es la Coordinadora del M\u00e1ster Interuniversitario (UVa- ULE) en Ingenier\u00eda Ac\u00fastica y Vibraciones. Es la secretaria del Subcomit\u00e9 2 \u00abAc\u00fastica en la Edificaci\u00f3n\u00bb (CTN 74\/SC2) desde Octubre de 2003, miembro del equipo editorial de la revista \u00abAcoustics in Practice\u00bb y vocal del Consejo Rector de la Sociedad Espa\u00f1ola de Ac\u00fastica. Ha sido Vice Presidenta del proyecto Europeo COST TU0901 \u00bb Integraci\u00f3n y armonizaci\u00f3n de par\u00e1metros ac\u00fasticos en el marco de edificaciones urbanas sostenibles\u00bb.<\/p>\n<p><a title=\"Conferencias\" href=\"http:\/\/www.fia2014.cl\/?page_id=402\">Ver todos los conferencistas.<\/a><\/p>\n","protected":false},"excerpt":{"rendered":"<p>Conferencia: Evoluci\u00f3n del marco normativo internacional en ac\u00fastica de la edificaci\u00f3n Mar\u00eda Machimbarrena Departamento de&#8230;<\/p>\n","protected":false},"author":2,"featured_media":0,"parent":0,"menu_order":0,"comment_status":"open","ping_status":"open","template":"template-full-width.php","meta":{"footnotes":""},"class_list":["post-1151","page","type-page","status-publish","hentry"],"_links":{"self":[{"href":"http:\/\/www.fia2014.cl\/index.php?rest_route=\/wp\/v2\/pages\/1151","targetHints":{"allow":["GET"]}}],"collection":[{"href":"http:\/\/www.fia2014.cl\/index.php?rest_route=\/wp\/v2\/pages"}],"about":[{"href":"http:\/\/www.fia2014.cl\/index.php?rest_route=\/wp\/v2\/types\/page"}],"author":[{"embeddable":true,"href":"http:\/\/www.fia2014.cl\/index.php?rest_route=\/wp\/v2\/users\/2"}],"replies":[{"embeddable":true,"href":"http:\/\/www.fia2014.cl\/index.php?rest_route=%2Fwp%2Fv2%2Fcomments&post=1151"}],"version-history":[{"count":3,"href":"http:\/\/www.fia2014.cl\/index.php?rest_route=\/wp\/v2\/pages\/1151\/revisions"}],"predecessor-version":[{"id":1173,"href":"http:\/\/www.fia2014.cl\/index.php?rest_route=\/wp\/v2\/pages\/1151\/revisions\/1173"}],"wp:attachment":[{"href":"http:\/\/www.fia2014.cl\/index.php?rest_route=%2Fwp%2Fv2%2Fmedia&parent=1151"}],"curies":[{"name":"wp","href":"https:\/\/api.w.org\/{rel}","templated":true}]}}