{"id":1148,"date":"2014-08-25T13:11:12","date_gmt":"2014-08-25T17:11:12","guid":{"rendered":"http:\/\/www.fia2014.cl\/?page_id=1148"},"modified":"2014-08-25T15:26:08","modified_gmt":"2014-08-25T19:26:08","slug":"samir-n-y-gerges","status":"publish","type":"page","link":"http:\/\/www.fia2014.cl\/?page_id=1148","title":{"rendered":"Samir N. Y. Gerges"},"content":{"rendered":"<p>Conferencia:<\/p>\n<h2><strong>Detec\u00e7\u00e3o e contribui\u00e7\u00e3o de outliers para avalia\u00e7\u00f5es subjetivas de som<\/strong><\/h2>\n<h4><img loading=\"lazy\" decoding=\"async\" class=\"alignleft size-thumbnail wp-image-1149\" alt=\"Samir-Gerges 00\" src=\"http:\/\/www.fia2014.cl\/wp-content\/uploads\/Samir-Gerges-00-150x150.jpg\" width=\"150\" height=\"150\" srcset=\"http:\/\/www.fia2014.cl\/wp-content\/uploads\/Samir-Gerges-00-150x150.jpg 150w, http:\/\/www.fia2014.cl\/wp-content\/uploads\/Samir-Gerges-00-125x125.jpg 125w, http:\/\/www.fia2014.cl\/wp-content\/uploads\/Samir-Gerges-00.jpg 200w\" sizes=\"auto, (max-width: 150px) 100vw, 150px\" \/>Samir N. Y. Gerges<br \/>\nUniversidade Federal de Santa Catarina (UFSC) e Instituto Federal de Santa Catarina (IFSC), Florian\u00f3polis, Brasil.<\/h4>\n<p>Samir Gerges es Fellow de la Acoustical Society of America y obtuvo el grado de Doctor en Ingenier\u00eda en el Institute of Sound and Vibration Research de la Universidad de Southampton, UK, en 1974. Realiz\u00f3 postdoctorados en la Universidad de Southampton y la Universidad de Sussex en el Reino Unido. Sus \u00e1reas de investigaci\u00f3n han sido el control de ruido industrial, ruido de construcci\u00f3n y vial, protectores auditivos, ruido de aviones y ruido ambiental. Miembro fundador de la sociedad ac\u00fastica brasile\u00f1a (SOBRAC) y miembro fundador y actualmente Vicepresidente de la Federaci\u00f3n Iberoamericana de Ac\u00fastica (FIA). Ha sido Presidente de ICA, miembro del Directorio del IIAV, del INCE-USA, y del Grupo de trabajo de la OMS en Ginebra para elaborar el libro sobre \u201cEvaluaci\u00f3n y Control de ruido y exposici\u00f3n en el ambiente de trabajo\u201d. El Dr. Gerges ha sido responsable de proyectos de investigaci\u00f3n y desarrollo para FORD, GM, EMBRAER, FIAT y otros proyectos de NVH y calidad de sonido. Ha publicado m\u00e1s de 320 art\u00edculos en revistas indexadas y congresos.<\/p>\n<p><a title=\"Conferencias\" href=\"http:\/\/www.fia2014.cl\/?page_id=402\">Ver todos los conferencistas.<\/a><\/p>\n","protected":false},"excerpt":{"rendered":"<p>Conferencia: Detec\u00e7\u00e3o e contribui\u00e7\u00e3o de outliers para avalia\u00e7\u00f5es subjetivas de som Samir N. Y. Gerges&#8230;<\/p>\n","protected":false},"author":2,"featured_media":0,"parent":0,"menu_order":0,"comment_status":"open","ping_status":"open","template":"template-full-width.php","meta":{"footnotes":""},"class_list":["post-1148","page","type-page","status-publish","hentry"],"_links":{"self":[{"href":"http:\/\/www.fia2014.cl\/index.php?rest_route=\/wp\/v2\/pages\/1148","targetHints":{"allow":["GET"]}}],"collection":[{"href":"http:\/\/www.fia2014.cl\/index.php?rest_route=\/wp\/v2\/pages"}],"about":[{"href":"http:\/\/www.fia2014.cl\/index.php?rest_route=\/wp\/v2\/types\/page"}],"author":[{"embeddable":true,"href":"http:\/\/www.fia2014.cl\/index.php?rest_route=\/wp\/v2\/users\/2"}],"replies":[{"embeddable":true,"href":"http:\/\/www.fia2014.cl\/index.php?rest_route=%2Fwp%2Fv2%2Fcomments&post=1148"}],"version-history":[{"count":3,"href":"http:\/\/www.fia2014.cl\/index.php?rest_route=\/wp\/v2\/pages\/1148\/revisions"}],"predecessor-version":[{"id":1172,"href":"http:\/\/www.fia2014.cl\/index.php?rest_route=\/wp\/v2\/pages\/1148\/revisions\/1172"}],"wp:attachment":[{"href":"http:\/\/www.fia2014.cl\/index.php?rest_route=%2Fwp%2Fv2%2Fmedia&parent=1148"}],"curies":[{"name":"wp","href":"https:\/\/api.w.org\/{rel}","templated":true}]}}