{"id":1142,"date":"2014-08-25T13:10:09","date_gmt":"2014-08-25T17:10:09","guid":{"rendered":"http:\/\/www.fia2014.cl\/?page_id=1142"},"modified":"2014-08-25T15:24:10","modified_gmt":"2014-08-25T19:24:10","slug":"christopher-feuillade","status":"publish","type":"page","link":"http:\/\/www.fia2014.cl\/?page_id=1142","title":{"rendered":"Christopher Feuillade"},"content":{"rendered":"<p>Conferencia<\/p>\n<h2><strong>Acontecimientos recientes en la dispersi\u00f3n ac\u00fastica de card\u00famenes de peces con vejiga natatoria<\/strong><\/h2>\n<h4><img loading=\"lazy\" decoding=\"async\" class=\"size-thumbnail wp-image-1143 alignleft\" alt=\"Christopher Feuillade 00a\" src=\"http:\/\/www.fia2014.cl\/wp-content\/uploads\/Christopher-Feuillade-00a-150x150.jpg\" width=\"150\" height=\"150\" srcset=\"http:\/\/www.fia2014.cl\/wp-content\/uploads\/Christopher-Feuillade-00a-150x150.jpg 150w, http:\/\/www.fia2014.cl\/wp-content\/uploads\/Christopher-Feuillade-00a-125x125.jpg 125w, http:\/\/www.fia2014.cl\/wp-content\/uploads\/Christopher-Feuillade-00a.jpg 200w\" sizes=\"auto, (max-width: 150px) 100vw, 150px\" \/>Christopher Feuillade<br \/>\nFacultad de F\u00edsica, Pontificia Universidad Cat\u00f3lica de Chile, Santiago, Chile<\/h4>\n<p>Christopher Feuillade es graduado en F\u00edsica de la Universidad de Oxford, UK., PhD en F\u00edsica de la Universidad de Manchester, UK., Fellow de la Acoustical Society of America y Fellow del UK Institute of Acoustics. Trabaj\u00f3 por m\u00e1s de 20 a\u00f1os en la US Naval Research Laboratory como f\u00edsico investigador en una amplia gama de temas relacionados con Ac\u00fastica Submarina, incluyendo scattering de superficies oce\u00e1nicas y de objetos tales como nubes de burbujas y card\u00famenes. Se desempe\u00f1a en la actualidad como Profesor Visitante de la Facultad de F\u00edsica de la Pontificia Universidad Cat\u00f3lica de Chile, realizando labores de docencia e investigaci\u00f3n en f\u00edsica y ac\u00fastica.<\/p>\n<p><a title=\"Conferencias\" href=\"http:\/\/www.fia2014.cl\/?page_id=402\">Ver todos los conferencistas.<\/a><\/p>\n","protected":false},"excerpt":{"rendered":"<p>Conferencia Acontecimientos recientes en la dispersi\u00f3n ac\u00fastica de card\u00famenes de peces con vejiga natatoria Christopher&#8230;<\/p>\n","protected":false},"author":2,"featured_media":0,"parent":0,"menu_order":0,"comment_status":"open","ping_status":"open","template":"template-full-width.php","meta":{"footnotes":""},"class_list":["post-1142","page","type-page","status-publish","hentry"],"_links":{"self":[{"href":"http:\/\/www.fia2014.cl\/index.php?rest_route=\/wp\/v2\/pages\/1142","targetHints":{"allow":["GET"]}}],"collection":[{"href":"http:\/\/www.fia2014.cl\/index.php?rest_route=\/wp\/v2\/pages"}],"about":[{"href":"http:\/\/www.fia2014.cl\/index.php?rest_route=\/wp\/v2\/types\/page"}],"author":[{"embeddable":true,"href":"http:\/\/www.fia2014.cl\/index.php?rest_route=\/wp\/v2\/users\/2"}],"replies":[{"embeddable":true,"href":"http:\/\/www.fia2014.cl\/index.php?rest_route=%2Fwp%2Fv2%2Fcomments&post=1142"}],"version-history":[{"count":7,"href":"http:\/\/www.fia2014.cl\/index.php?rest_route=\/wp\/v2\/pages\/1142\/revisions"}],"predecessor-version":[{"id":1169,"href":"http:\/\/www.fia2014.cl\/index.php?rest_route=\/wp\/v2\/pages\/1142\/revisions\/1169"}],"wp:attachment":[{"href":"http:\/\/www.fia2014.cl\/index.php?rest_route=%2Fwp%2Fv2%2Fmedia&parent=1142"}],"curies":[{"name":"wp","href":"https:\/\/api.w.org\/{rel}","templated":true}]}}