{"id":1132,"date":"2014-08-25T13:04:34","date_gmt":"2014-08-25T17:04:34","guid":{"rendered":"http:\/\/www.fia2014.cl\/?page_id=1132"},"modified":"2014-08-25T15:24:41","modified_gmt":"2014-08-25T19:24:41","slug":"j-luis-bento-coelho","status":"publish","type":"page","link":"http:\/\/www.fia2014.cl\/?page_id=1132","title":{"rendered":"J. Luis Bento Coelho"},"content":{"rendered":"<p>Conferencia:<\/p>\n<h2><strong>Conforto sonoro em cidades \u2013 conceitos, instrumentos e estrat\u00e9gias<\/strong><\/h2>\n<h4><img loading=\"lazy\" decoding=\"async\" class=\"alignleft size-thumbnail wp-image-1134\" alt=\"J. Luis Bento Coelho 00\" src=\"http:\/\/www.fia2014.cl\/wp-content\/uploads\/J.-Luis-Bento-Coelho-00-150x150.jpg\" width=\"150\" height=\"150\" srcset=\"http:\/\/www.fia2014.cl\/wp-content\/uploads\/J.-Luis-Bento-Coelho-00-150x150.jpg 150w, http:\/\/www.fia2014.cl\/wp-content\/uploads\/J.-Luis-Bento-Coelho-00-125x125.jpg 125w, http:\/\/www.fia2014.cl\/wp-content\/uploads\/J.-Luis-Bento-Coelho-00.jpg 300w\" sizes=\"auto, (max-width: 150px) 100vw, 150px\" \/><strong>J. Luis Bento Coelho<\/strong><br \/>\n<strong> Instituto Superior T\u00e9cnico, Universidad T\u00e9cnica de Lisboa, Portugal<\/strong><\/h4>\n<p>Luis Bento Coelho es Licenciado en Ingenier\u00eda El\u00e9ctrica por La Universidad T\u00e9cnica de Lisboa, y obtuvo el Master y Doctorado en El Institute of Sound and Vibration Research de La Universidad de Southampton, UK. Fue presidente del Instituto Internacional de Ac\u00fastica y Vibraciones (IIAV) y es autor de m\u00e1s de 250 art\u00edculos cient\u00edficos presentados en revistas y conferencias. El Dr. Bento Coelho participa como miembro del CNOSSOS-EU Technical Committee (European Commission, desde 2010), EU Expert Panel on Noise (European Environmental Agency, desde 2009) y del Expert Panel of the European Green Capital City Award Scheme (European Commission, desde 2008). Fue miembro del Grupo de Trabajo sobre Pol\u00edticas de Evaluaci\u00f3n de ruido de la UE, sobre la exposici\u00f3n al ruido y sobre mapas de ruido. Adem\u00e1s, ha sido consultor en numerosos proyectos nacionales e internacionales en temas relacionados con el ruido ambiental.<\/p>\n<p><a title=\"Conferencias\" href=\"http:\/\/www.fia2014.cl\/?page_id=402\">Ver todos los conferencistas.<\/a><\/p>\n","protected":false},"excerpt":{"rendered":"<p>Conferencia: Conforto sonoro em cidades \u2013 conceitos, instrumentos e estrat\u00e9gias J. Luis Bento Coelho Instituto&#8230;<\/p>\n","protected":false},"author":2,"featured_media":0,"parent":0,"menu_order":0,"comment_status":"open","ping_status":"open","template":"template-full-width.php","meta":{"footnotes":""},"class_list":["post-1132","page","type-page","status-publish","hentry"],"_links":{"self":[{"href":"http:\/\/www.fia2014.cl\/index.php?rest_route=\/wp\/v2\/pages\/1132","targetHints":{"allow":["GET"]}}],"collection":[{"href":"http:\/\/www.fia2014.cl\/index.php?rest_route=\/wp\/v2\/pages"}],"about":[{"href":"http:\/\/www.fia2014.cl\/index.php?rest_route=\/wp\/v2\/types\/page"}],"author":[{"embeddable":true,"href":"http:\/\/www.fia2014.cl\/index.php?rest_route=\/wp\/v2\/users\/2"}],"replies":[{"embeddable":true,"href":"http:\/\/www.fia2014.cl\/index.php?rest_route=%2Fwp%2Fv2%2Fcomments&post=1132"}],"version-history":[{"count":8,"href":"http:\/\/www.fia2014.cl\/index.php?rest_route=\/wp\/v2\/pages\/1132\/revisions"}],"predecessor-version":[{"id":1170,"href":"http:\/\/www.fia2014.cl\/index.php?rest_route=\/wp\/v2\/pages\/1132\/revisions\/1170"}],"wp:attachment":[{"href":"http:\/\/www.fia2014.cl\/index.php?rest_route=%2Fwp%2Fv2%2Fmedia&parent=1132"}],"curies":[{"name":"wp","href":"https:\/\/api.w.org\/{rel}","templated":true}]}}