{"id":1036,"date":"2014-06-28T00:48:23","date_gmt":"2014-06-28T04:48:23","guid":{"rendered":"http:\/\/www.fia2014.cl\/?page_id=1036"},"modified":"2015-01-01T15:35:53","modified_gmt":"2015-01-01T18:35:53","slug":"1036-2","status":"publish","type":"page","link":"http:\/\/www.fia2014.cl\/?page_id=1036","title":{"rendered":"Proceso inscripci\u00f3n \/ Processo de inscri\u00e7\u00e3o"},"content":{"rendered":"<p><strong><div class=\"one-half\">Para inscribirse en el IX Congreso Iberoamericano de Ac\u00fastica existen dos alternativas:<\/div><\/strong><\/p>\n<div class=\"one-half last\"><strong><span style=\"color: #0000ff;\">Para se inscrever no IX Congresso Ibero-americano de Ac\u00fastica existem duas alternativas:<\/span><\/strong><\/div><div class=\"clear\"><\/div>\n<div class=\"h-bg\">1. Pago con tarjeta bancaria \/ Pagamento com cart\u00e3o<\/div>\n<div class=\"one-half\"><\/p>\n<ul>\n<li>Pueden utilizar esta opci\u00f3n<strong>\u00a0chilenos y extranjeros<\/strong>.<\/li>\n<li>Esta opci\u00f3n permite realizar el pago a trav\u00e9s del sistema <strong>Webpay<\/strong> (Transbank).<\/li>\n<li>Se puede utilizar una tarjeta bancaria.<\/li>\n<li><strong>No<\/strong> se debe usar una tarjeta bancaria emitida en Chile para pagar con d\u00f3lares.<\/li>\n<li>Con tarjeta bancaria chilena debe pagar en pesos chilenos.<\/li>\n<li>Debe completar el formulario con todos los datos de inscripci\u00f3n.<\/li>\n<\/ul>\n<p><\/div>\n<div class=\"one-half last\"><\/p>\n<ul>\n<li><span style=\"color: #0000ff;\"><strong>Chilenos e estrangeiros<\/strong> podem utilizar esta op\u00e7\u00e3o.<\/span><\/li>\n<li><span style=\"color: #0000ff;\">Esta op\u00e7\u00e3o permite efetuar o pagamento atrav\u00e9s do sistema <strong>Webpay<\/strong> (Transbank).<\/span><\/li>\n<li><span style=\"color: #0000ff;\">Pode ser utilizado um cart\u00e3o.<\/span><\/li>\n<li><span style=\"color: #0000ff;\"><strong>N\u00e3o<\/strong> se deve usar o cart\u00e3o emitido no Chile para pagamento em d\u00f3lares.<\/span><\/li>\n<li><span style=\"color: #0000ff;\">Com cart\u00e3o chileno deve-se pagar em pesos chilenos.<\/span><\/li>\n<li><span style=\"color: #0000ff;\">Deve preencher o formul\u00e1rio com todos os dados da inscri\u00e7\u00e3o.<\/span><\/li>\n<\/ul>\n<p><\/div><div class=\"clear\"><\/div>\n<p style=\"text-align: center;\"><a class=\"button single-color text-dark size-large\" href=\"http:\/\/www.fia2014.cl\/\" id=\"sc_button_1\">Ir a pago con tarjeta bancaria \/ Ir para pagamento com cart\u00e3o<\/a><style>#sc_button_1{background-color:#C4D73D !important;color:#000000 !important}<\/style><\/p>\n<p style=\"text-align: left;\"><span style=\"font-size: 14px; line-height: 1.5em;\"><div class=\"h-bg\">2. Pago con trasferencia bancaria\/Pagamento com transfer\u00eancia banc\u00e1ria<\/div><\/span><\/p>\n<div class=\"one-half\"><\/p>\n<ul>\n<li>Pueden utilizar esta opci\u00f3n <strong>s\u00f3lo \u00a0los extranjeros.<\/strong><\/li>\n<li>Debe realizar un <strong>traspaso s\u00f3lo en d\u00f3lares<\/strong> a la cuenta bancaria que se le indicar\u00e1.<\/li>\n<li>Debe guardar comprobante de la transferencia.<\/li>\n<li>Debe completar el formulario con todos los datos de inscripci\u00f3n, y adjuntar el comprobante de transferencia.<\/li>\n<\/ul>\n<p><\/div>\n<div class=\"one-half last\">\n<ul>\n<li><span style=\"color: #0000ff;\"><strong>Somente estrangeiros<\/strong> podem utilizar esta op\u00e7\u00e3o.<\/span><\/li>\n<li><span style=\"color: #0000ff;\">Deve ser realizada a<strong> transfer\u00eancia somente em d\u00f3lares<\/strong> na conta banc\u00e1ria que ser\u00e1 indicada.<\/span><\/li>\n<li><span style=\"color: #0000ff;\">Deve guardar o comprovante da transfer\u00eancia.<\/span><\/li>\n<li><span style=\"color: #0000ff;\">Deve preencher o formul\u00e1rio com todos os dados da inscri\u00e7\u00e3o, e anexar o comprovante de transfer\u00eancia.<\/span><\/li>\n<\/ul>\n<p><span style=\"color: #0000ff;\"><\/div><div class=\"clear\"><\/div><\/span><\/p>\n<p style=\"text-align: center;\"><a class=\"button single-color text-dark size-large\" href=\"http:\/\/www.fia2014.cl\/\" id=\"sc_button_2\">Ir a pago con transferencia bancaria\/Ir para pagamento com transfer\u00eancia banc\u00e1ria<\/a><style>#sc_button_2{background-color:#C4D73D !important;color:#000000 !important}<\/style><\/p>\n<p><span style=\"line-height: 1.5em;\"><div class=\"h-bg\">Consultas<\/div><\/span><\/p>\n<div class=\"one-half\">Para consultas y dudas, escribir a secretaria@fia2014.cl\u00a0<\/div>\n<div class=\"one-half last\"><span style=\"color: #0000ff;\">Para perguntas e d\u00favidas, escrever para: secretaria@fia2014.cl<\/span><\/div><div class=\"clear\"><\/div>\n","protected":false},"excerpt":{"rendered":"","protected":false},"author":2,"featured_media":0,"parent":0,"menu_order":0,"comment_status":"open","ping_status":"open","template":"template-full-width.php","meta":{"footnotes":""},"class_list":["post-1036","page","type-page","status-publish","hentry"],"_links":{"self":[{"href":"http:\/\/www.fia2014.cl\/index.php?rest_route=\/wp\/v2\/pages\/1036","targetHints":{"allow":["GET"]}}],"collection":[{"href":"http:\/\/www.fia2014.cl\/index.php?rest_route=\/wp\/v2\/pages"}],"about":[{"href":"http:\/\/www.fia2014.cl\/index.php?rest_route=\/wp\/v2\/types\/page"}],"author":[{"embeddable":true,"href":"http:\/\/www.fia2014.cl\/index.php?rest_route=\/wp\/v2\/users\/2"}],"replies":[{"embeddable":true,"href":"http:\/\/www.fia2014.cl\/index.php?rest_route=%2Fwp%2Fv2%2Fcomments&post=1036"}],"version-history":[{"count":19,"href":"http:\/\/www.fia2014.cl\/index.php?rest_route=\/wp\/v2\/pages\/1036\/revisions"}],"predecessor-version":[{"id":1124,"href":"http:\/\/www.fia2014.cl\/index.php?rest_route=\/wp\/v2\/pages\/1036\/revisions\/1124"}],"wp:attachment":[{"href":"http:\/\/www.fia2014.cl\/index.php?rest_route=%2Fwp%2Fv2%2Fmedia&parent=1036"}],"curies":[{"name":"wp","href":"https:\/\/api.w.org\/{rel}","templated":true}]}}